{"id":1101,"date":"2019-05-30T16:38:15","date_gmt":"2019-05-30T16:38:15","guid":{"rendered":"http:\/\/luxepack.es\/?page_id=1101"},"modified":"2020-01-22T18:01:15","modified_gmt":"2020-01-22T18:01:15","slug":"bolsas-de-algodon","status":"publish","type":"page","link":"https:\/\/luxepack.es\/fr\/bolsas-de-algodon\/","title":{"rendered":"SACS DE COTON"},"content":{"rendered":"<div data-elementor-type=\"wp-post\" data-elementor-id=\"1101\" class=\"elementor elementor-1101\" data-elementor-settings=\"[]\">\n\t\t\t\t\t\t<div class=\"elementor-inner\">\n\t\t\t\t\t\t\t<div class=\"elementor-section-wrap\">\n\t\t\t\t\t\t\t<section class=\"elementor-section elementor-top-section elementor-element elementor-element-a2dfc70 elementor-section-boxed elementor-section-height-default elementor-section-height-default\" data-id=\"a2dfc70\" data-element_type=\"section\">\n\t\t\t\t\t\t<div class=\"elementor-container elementor-column-gap-default\">\n\t\t\t\t\t\t\t<div class=\"elementor-row\">\n\t\t\t\t\t<div class=\"elementor-column elementor-col-100 elementor-top-column elementor-element elementor-element-100322f\" data-id=\"100322f\" data-element_type=\"column\">\n\t\t\t<div class=\"elementor-column-wrap elementor-element-populated\">\n\t\t\t\t\t\t\t<div class=\"elementor-widget-wrap\">\n\t\t\t\t\t\t<div class=\"elementor-element elementor-element-00dee36 elementor-widget elementor-widget-image\" data-id=\"00dee36\" data-element_type=\"widget\" data-widget_type=\"image.default\">\n\t\t\t\t<div class=\"elementor-widget-container\">\n\t\t\t\t\t<div class=\"elementor-image\">\n\t\t\t\t\t\t\t\t\t\t<img width=\"300\" height=\"42\" src=\"https:\/\/luxepack.es\/wp-content\/uploads\/2019\/06\/Texto-Bolsas-de-Algodon-300x42.jpg\" class=\"attachment-medium size-medium\" alt=\"\" loading=\"lazy\" srcset=\"https:\/\/luxepack.es\/wp-content\/uploads\/2019\/06\/Texto-Bolsas-de-Algodon-300x42.jpg 300w, https:\/\/luxepack.es\/wp-content\/uploads\/2019\/06\/Texto-Bolsas-de-Algodon-768x108.jpg 768w, https:\/\/luxepack.es\/wp-content\/uploads\/2019\/06\/Texto-Bolsas-de-Algodon-1024x144.jpg 1024w, https:\/\/luxepack.es\/wp-content\/uploads\/2019\/06\/Texto-Bolsas-de-Algodon-600x84.jpg 600w, https:\/\/luxepack.es\/wp-content\/uploads\/2019\/06\/Texto-Bolsas-de-Algodon.jpg 1080w\" sizes=\"(max-width: 300px) 100vw, 300px\" \/>\t\t\t\t\t\t\t\t\t\t\t<\/div>\n\t\t\t\t<\/div>\n\t\t\t\t<\/div>\n\t\t\t\t<div class=\"elementor-element elementor-element-dc9e9e5 elementor-widget elementor-widget-image\" data-id=\"dc9e9e5\" data-element_type=\"widget\" data-widget_type=\"image.default\">\n\t\t\t\t<div class=\"elementor-widget-container\">\n\t\t\t\t\t<div class=\"elementor-image\">\n\t\t\t\t\t\t\t\t\t\t<img width=\"1180\" height=\"760\" src=\"https:\/\/luxepack.es\/wp-content\/uploads\/2019\/06\/algodon-bodegon-1.jpg\" class=\"attachment-full size-full\" alt=\"\" loading=\"lazy\" srcset=\"https:\/\/luxepack.es\/wp-content\/uploads\/2019\/06\/algodon-bodegon-1.jpg 1180w, https:\/\/luxepack.es\/wp-content\/uploads\/2019\/06\/algodon-bodegon-1-300x193.jpg 300w, https:\/\/luxepack.es\/wp-content\/uploads\/2019\/06\/algodon-bodegon-1-768x495.jpg 768w, https:\/\/luxepack.es\/wp-content\/uploads\/2019\/06\/algodon-bodegon-1-1024x660.jpg 1024w, https:\/\/luxepack.es\/wp-content\/uploads\/2019\/06\/algodon-bodegon-1-600x386.jpg 600w\" sizes=\"(max-width: 1180px) 100vw, 1180px\" \/>\t\t\t\t\t\t\t\t\t\t\t<\/div>\n\t\t\t\t<\/div>\n\t\t\t\t<\/div>\n\t\t\t\t<div class=\"elementor-element elementor-element-09bf123 elementor-widget elementor-widget-text-editor\" data-id=\"09bf123\" data-element_type=\"widget\" data-widget_type=\"text-editor.default\">\n\t\t\t\t<div class=\"elementor-widget-container\">\n\t\t\t\t\t<div class=\"elementor-text-editor elementor-clearfix\"><p>Le coton est un mat\u00e9riau unique en raison de ses nombreuses vertus parmi lesquels nous pouvons mettre en \u00e9vidence l'esth\u00e9tique, la r\u00e9sistance, la dimension \u00e9cologique ainsi que la douceur. La fabrication de sacs en coton est donc une r\u00e9elle opportunit\u00e9 de satisfaire nos clients en leur fournissant un produit de haute qualit\u00e9 qui \u00e0 respecte lors de sa production l'environnement.<\/p><p>Luxe Packaging Ib\u00e9rica peut fabriquer des sacs adapt\u00e9s \u00e0 vos besoins, y compris nos sacs isothermes exclusifs en coton et jute, produit brevet\u00e9 et garanti pour une conservation optimale des aliments.<\/p><p>Nous vous pr\u00e9sentons une s\u00e9rie de sacs dont les variations sont multiples. Chez Luxe Packaging Ib\u00e9rica, nous proposons, innovons, concevons et fabriquons vos sacs en coton dans le format qui vous convient le mieux. De cette fa\u00e7on, ils seront en mesure de promouvoir votre marque \u00e0 travers la <b>\"PUBLICITE LA PLUS BIO ET DURABLE\"<\/b>.<\/p><\/div>\n\t\t\t\t<\/div>\n\t\t\t\t<\/div>\n\t\t\t\t\t\t<\/div>\n\t\t\t\t\t<\/div>\n\t\t<\/div>\n\t\t\t\t\t\t\t\t<\/div>\n\t\t\t\t\t<\/div>\n\t\t<\/section>\n\t\t\t\t<section class=\"elementor-section elementor-top-section elementor-element elementor-element-336c3c88 elementor-section-boxed elementor-section-height-default elementor-section-height-default\" data-id=\"336c3c88\" data-element_type=\"section\" data-settings=\"{&quot;background_background&quot;:&quot;classic&quot;}\">\n\t\t\t\t\t\t<div class=\"elementor-container elementor-column-gap-extended\">\n\t\t\t\t\t\t\t<div class=\"elementor-row\">\n\t\t\t\t\t<div class=\"elementor-column elementor-col-33 elementor-top-column elementor-element elementor-element-6c5b4f43\" data-id=\"6c5b4f43\" data-element_type=\"column\">\n\t\t\t<div class=\"elementor-column-wrap elementor-element-populated\">\n\t\t\t\t\t\t\t<div class=\"elementor-widget-wrap\">\n\t\t\t\t\t\t<div class=\"elementor-element elementor-element-2d34496b elementor-widget elementor-widget-image\" data-id=\"2d34496b\" data-element_type=\"widget\" data-widget_type=\"image.default\">\n\t\t\t\t<div class=\"elementor-widget-container\">\n\t\t\t\t\t<div class=\"elementor-image\">\n\t\t\t\t\t\t\t\t\t\t\t<a href=\"http:\/\/bolsa-de-algodon-yantse\">\n\t\t\t\t\t\t\t<img width=\"370\" height=\"246\" src=\"https:\/\/luxepack.es\/wp-content\/uploads\/2019\/06\/algodon-yantse-370x246.jpg\" class=\"attachment-large size-large\" alt=\"\" loading=\"lazy\" srcset=\"https:\/\/luxepack.es\/wp-content\/uploads\/2019\/06\/algodon-yantse-370x246.jpg 370w, https:\/\/luxepack.es\/wp-content\/uploads\/2019\/06\/algodon-yantse-370x246-300x199.jpg 300w\" sizes=\"(max-width: 370px) 100vw, 370px\" \/>\t\t\t\t\t\t\t\t<\/a>\n\t\t\t\t\t\t\t\t\t\t\t<\/div>\n\t\t\t\t<\/div>\n\t\t\t\t<\/div>\n\t\t\t\t<div class=\"elementor-element elementor-element-77d396ab elementor-widget elementor-widget-heading\" data-id=\"77d396ab\" data-element_type=\"widget\" data-widget_type=\"heading.default\">\n\t\t\t\t<div class=\"elementor-widget-container\">\n\t\t\t<h2 class=\"elementor-heading-title elementor-size-default\"><a href=\"http:\/\/bolsa-de-algodon-yantse\">YANTSE<\/a><\/h2>\t\t<\/div>\n\t\t\t\t<\/div>\n\t\t\t\t\t\t<\/div>\n\t\t\t\t\t<\/div>\n\t\t<\/div>\n\t\t\t\t<div class=\"elementor-column elementor-col-33 elementor-top-column elementor-element elementor-element-bb2bd8b\" data-id=\"bb2bd8b\" data-element_type=\"column\">\n\t\t\t<div class=\"elementor-column-wrap elementor-element-populated\">\n\t\t\t\t\t\t\t<div class=\"elementor-widget-wrap\">\n\t\t\t\t\t\t<div class=\"elementor-element elementor-element-87ddbdc elementor-widget elementor-widget-image\" data-id=\"87ddbdc\" data-element_type=\"widget\" data-widget_type=\"image.default\">\n\t\t\t\t<div class=\"elementor-widget-container\">\n\t\t\t\t\t<div class=\"elementor-image\">\n\t\t\t\t\t\t\t\t\t\t\t<a href=\"http:\/\/bolsa-de-algodon-nilo\">\n\t\t\t\t\t\t\t<img width=\"370\" height=\"246\" src=\"https:\/\/luxepack.es\/wp-content\/uploads\/2019\/06\/algodon-nilo-18-370x246.jpg\" class=\"attachment-large size-large\" alt=\"\" loading=\"lazy\" srcset=\"https:\/\/luxepack.es\/wp-content\/uploads\/2019\/06\/algodon-nilo-18-370x246.jpg 370w, https:\/\/luxepack.es\/wp-content\/uploads\/2019\/06\/algodon-nilo-18-370x246-300x199.jpg 300w\" sizes=\"(max-width: 370px) 100vw, 370px\" \/>\t\t\t\t\t\t\t\t<\/a>\n\t\t\t\t\t\t\t\t\t\t\t<\/div>\n\t\t\t\t<\/div>\n\t\t\t\t<\/div>\n\t\t\t\t<div class=\"elementor-element elementor-element-ec8d87a elementor-widget elementor-widget-heading\" data-id=\"ec8d87a\" data-element_type=\"widget\" data-widget_type=\"heading.default\">\n\t\t\t\t<div class=\"elementor-widget-container\">\n\t\t\t<h2 class=\"elementor-heading-title elementor-size-default\"><a href=\"http:\/\/bolsa-de-algodon-nilo\">NIL<\/a><\/h2>\t\t<\/div>\n\t\t\t\t<\/div>\n\t\t\t\t\t\t<\/div>\n\t\t\t\t\t<\/div>\n\t\t<\/div>\n\t\t\t\t<div class=\"elementor-column elementor-col-33 elementor-top-column elementor-element elementor-element-1452219\" data-id=\"1452219\" data-element_type=\"column\">\n\t\t\t<div class=\"elementor-column-wrap elementor-element-populated\">\n\t\t\t\t\t\t\t<div class=\"elementor-widget-wrap\">\n\t\t\t\t\t\t<div class=\"elementor-element elementor-element-39ea85a elementor-widget elementor-widget-image\" data-id=\"39ea85a\" data-element_type=\"widget\" data-widget_type=\"image.default\">\n\t\t\t\t<div class=\"elementor-widget-container\">\n\t\t\t\t\t<div class=\"elementor-image\">\n\t\t\t\t\t\t\t\t\t\t\t<a href=\"http:\/\/bolsa-de-algodon-misisipi\">\n\t\t\t\t\t\t\t<img width=\"370\" height=\"246\" src=\"https:\/\/luxepack.es\/wp-content\/uploads\/2019\/06\/algodon-misisipi-19-370x246.jpg\" class=\"attachment-large size-large\" alt=\"\" loading=\"lazy\" srcset=\"https:\/\/luxepack.es\/wp-content\/uploads\/2019\/06\/algodon-misisipi-19-370x246.jpg 370w, https:\/\/luxepack.es\/wp-content\/uploads\/2019\/06\/algodon-misisipi-19-370x246-300x199.jpg 300w\" sizes=\"(max-width: 370px) 100vw, 370px\" \/>\t\t\t\t\t\t\t\t<\/a>\n\t\t\t\t\t\t\t\t\t\t\t<\/div>\n\t\t\t\t<\/div>\n\t\t\t\t<\/div>\n\t\t\t\t<div class=\"elementor-element elementor-element-3b7d3e2 elementor-widget elementor-widget-heading\" data-id=\"3b7d3e2\" data-element_type=\"widget\" data-widget_type=\"heading.default\">\n\t\t\t\t<div class=\"elementor-widget-container\">\n\t\t\t<h2 class=\"elementor-heading-title elementor-size-default\"><a href=\"http:\/\/bolsa-de-algodon-misisipi\">MISSISSIPI<\/a><\/h2>\t\t<\/div>\n\t\t\t\t<\/div>\n\t\t\t\t\t\t<\/div>\n\t\t\t\t\t<\/div>\n\t\t<\/div>\n\t\t\t\t\t\t\t\t<\/div>\n\t\t\t\t\t<\/div>\n\t\t<\/section>\n\t\t\t\t<section class=\"elementor-section elementor-top-section elementor-element elementor-element-0b71dd3 elementor-section-boxed elementor-section-height-default elementor-section-height-default\" data-id=\"0b71dd3\" data-element_type=\"section\" data-settings=\"{&quot;background_background&quot;:&quot;classic&quot;}\">\n\t\t\t\t\t\t<div class=\"elementor-container elementor-column-gap-extended\">\n\t\t\t\t\t\t\t<div class=\"elementor-row\">\n\t\t\t\t\t<div class=\"elementor-column elementor-col-33 elementor-top-column elementor-element elementor-element-401f610\" data-id=\"401f610\" data-element_type=\"column\">\n\t\t\t<div class=\"elementor-column-wrap elementor-element-populated\">\n\t\t\t\t\t\t\t<div class=\"elementor-widget-wrap\">\n\t\t\t\t\t\t<div class=\"elementor-element elementor-element-a50a8bd elementor-widget elementor-widget-image\" data-id=\"a50a8bd\" data-element_type=\"widget\" data-widget_type=\"image.default\">\n\t\t\t\t<div class=\"elementor-widget-container\">\n\t\t\t\t\t<div class=\"elementor-image\">\n\t\t\t\t\t\t\t\t\t\t\t<a href=\"http:\/\/bolsa-de-algodon-danubio\">\n\t\t\t\t\t\t\t<img width=\"370\" height=\"246\" src=\"https:\/\/luxepack.es\/wp-content\/uploads\/2019\/06\/algodon-danubio-20-370x246.jpg\" class=\"attachment-large size-large\" alt=\"\" loading=\"lazy\" srcset=\"https:\/\/luxepack.es\/wp-content\/uploads\/2019\/06\/algodon-danubio-20-370x246.jpg 370w, https:\/\/luxepack.es\/wp-content\/uploads\/2019\/06\/algodon-danubio-20-370x246-300x199.jpg 300w\" sizes=\"(max-width: 370px) 100vw, 370px\" \/>\t\t\t\t\t\t\t\t<\/a>\n\t\t\t\t\t\t\t\t\t\t\t<\/div>\n\t\t\t\t<\/div>\n\t\t\t\t<\/div>\n\t\t\t\t<div class=\"elementor-element elementor-element-8637ecc elementor-widget elementor-widget-heading\" data-id=\"8637ecc\" data-element_type=\"widget\" data-widget_type=\"heading.default\">\n\t\t\t\t<div class=\"elementor-widget-container\">\n\t\t\t<h2 class=\"elementor-heading-title elementor-size-default\"><a href=\"http:\/\/bolsa-de-algodon-danubio\">DANUBE<\/a><\/h2>\t\t<\/div>\n\t\t\t\t<\/div>\n\t\t\t\t\t\t<\/div>\n\t\t\t\t\t<\/div>\n\t\t<\/div>\n\t\t\t\t<div class=\"elementor-column elementor-col-33 elementor-top-column elementor-element elementor-element-77a084a\" data-id=\"77a084a\" data-element_type=\"column\">\n\t\t\t<div class=\"elementor-column-wrap elementor-element-populated\">\n\t\t\t\t\t\t\t<div class=\"elementor-widget-wrap\">\n\t\t\t\t\t\t<div class=\"elementor-element elementor-element-9b61e8d elementor-widget elementor-widget-image\" data-id=\"9b61e8d\" data-element_type=\"widget\" data-widget_type=\"image.default\">\n\t\t\t\t<div class=\"elementor-widget-container\">\n\t\t\t\t\t<div class=\"elementor-image\">\n\t\t\t\t\t\t\t\t\t\t\t<a href=\"http:\/\/bolsa-de-algodon-volga\">\n\t\t\t\t\t\t\t<img width=\"370\" height=\"246\" src=\"https:\/\/luxepack.es\/wp-content\/uploads\/2019\/06\/algodon-volga-21-370x246.jpg\" class=\"attachment-large size-large\" alt=\"\" loading=\"lazy\" srcset=\"https:\/\/luxepack.es\/wp-content\/uploads\/2019\/06\/algodon-volga-21-370x246.jpg 370w, https:\/\/luxepack.es\/wp-content\/uploads\/2019\/06\/algodon-volga-21-370x246-300x199.jpg 300w\" sizes=\"(max-width: 370px) 100vw, 370px\" \/>\t\t\t\t\t\t\t\t<\/a>\n\t\t\t\t\t\t\t\t\t\t\t<\/div>\n\t\t\t\t<\/div>\n\t\t\t\t<\/div>\n\t\t\t\t<div class=\"elementor-element elementor-element-1c89a3e elementor-widget elementor-widget-heading\" data-id=\"1c89a3e\" data-element_type=\"widget\" data-widget_type=\"heading.default\">\n\t\t\t\t<div class=\"elementor-widget-container\">\n\t\t\t<h2 class=\"elementor-heading-title elementor-size-default\"><a href=\"http:\/\/bolsa-de-algodon-volga\">VOLGA<\/a><\/h2>\t\t<\/div>\n\t\t\t\t<\/div>\n\t\t\t\t\t\t<\/div>\n\t\t\t\t\t<\/div>\n\t\t<\/div>\n\t\t\t\t<div class=\"elementor-column elementor-col-33 elementor-top-column elementor-element elementor-element-caed0c9\" data-id=\"caed0c9\" data-element_type=\"column\">\n\t\t\t<div class=\"elementor-column-wrap elementor-element-populated\">\n\t\t\t\t\t\t\t<div class=\"elementor-widget-wrap\">\n\t\t\t\t\t\t<div class=\"elementor-element elementor-element-a98486f elementor-widget elementor-widget-image\" data-id=\"a98486f\" data-element_type=\"widget\" data-widget_type=\"image.default\">\n\t\t\t\t<div class=\"elementor-widget-container\">\n\t\t\t\t\t<div class=\"elementor-image\">\n\t\t\t\t\t\t\t\t\t\t\t<a href=\"http:\/\/bolsa-de-algodon-loira\">\n\t\t\t\t\t\t\t<img width=\"370\" height=\"246\" src=\"https:\/\/luxepack.es\/wp-content\/uploads\/2019\/06\/algodon-loira-22-370x2462.jpg\" class=\"attachment-large size-large\" alt=\"\" loading=\"lazy\" srcset=\"https:\/\/luxepack.es\/wp-content\/uploads\/2019\/06\/algodon-loira-22-370x2462.jpg 370w, https:\/\/luxepack.es\/wp-content\/uploads\/2019\/06\/algodon-loira-22-370x2462-300x199.jpg 300w\" sizes=\"(max-width: 370px) 100vw, 370px\" \/>\t\t\t\t\t\t\t\t<\/a>\n\t\t\t\t\t\t\t\t\t\t\t<\/div>\n\t\t\t\t<\/div>\n\t\t\t\t<\/div>\n\t\t\t\t<div class=\"elementor-element elementor-element-f30d932 elementor-widget elementor-widget-heading\" data-id=\"f30d932\" data-element_type=\"widget\" data-widget_type=\"heading.default\">\n\t\t\t\t<div class=\"elementor-widget-container\">\n\t\t\t<h2 class=\"elementor-heading-title elementor-size-default\"><a href=\"http:\/\/bolsa-de-algodon-loira\">LOIRE<\/a><\/h2>\t\t<\/div>\n\t\t\t\t<\/div>\n\t\t\t\t\t\t<\/div>\n\t\t\t\t\t<\/div>\n\t\t<\/div>\n\t\t\t\t\t\t\t\t<\/div>\n\t\t\t\t\t<\/div>\n\t\t<\/section>\n\t\t\t\t<section class=\"elementor-section elementor-top-section elementor-element elementor-element-c1ad7f5 elementor-section-boxed elementor-section-height-default elementor-section-height-default\" data-id=\"c1ad7f5\" data-element_type=\"section\" data-settings=\"{&quot;background_background&quot;:&quot;classic&quot;}\">\n\t\t\t\t\t\t<div class=\"elementor-container elementor-column-gap-extended\">\n\t\t\t\t\t\t\t<div class=\"elementor-row\">\n\t\t\t\t\t<div class=\"elementor-column elementor-col-33 elementor-top-column elementor-element elementor-element-263182f\" data-id=\"263182f\" data-element_type=\"column\">\n\t\t\t<div class=\"elementor-column-wrap elementor-element-populated\">\n\t\t\t\t\t\t\t<div class=\"elementor-widget-wrap\">\n\t\t\t\t\t\t<div class=\"elementor-element elementor-element-6453a65 elementor-widget elementor-widget-image\" data-id=\"6453a65\" data-element_type=\"widget\" data-widget_type=\"image.default\">\n\t\t\t\t<div class=\"elementor-widget-container\">\n\t\t\t\t\t<div class=\"elementor-image\">\n\t\t\t\t\t\t\t\t\t\t\t<a href=\"http:\/\/bolsa-de-algodon-eufrates\">\n\t\t\t\t\t\t\t<img width=\"370\" height=\"246\" src=\"https:\/\/luxepack.es\/wp-content\/uploads\/2019\/06\/algodon-eufrates-23-370x246-1.jpg\" class=\"attachment-large size-large\" alt=\"\" loading=\"lazy\" srcset=\"https:\/\/luxepack.es\/wp-content\/uploads\/2019\/06\/algodon-eufrates-23-370x246-1.jpg 370w, https:\/\/luxepack.es\/wp-content\/uploads\/2019\/06\/algodon-eufrates-23-370x246-1-300x199.jpg 300w\" sizes=\"(max-width: 370px) 100vw, 370px\" \/>\t\t\t\t\t\t\t\t<\/a>\n\t\t\t\t\t\t\t\t\t\t\t<\/div>\n\t\t\t\t<\/div>\n\t\t\t\t<\/div>\n\t\t\t\t<div class=\"elementor-element elementor-element-893ff39 elementor-widget elementor-widget-heading\" data-id=\"893ff39\" data-element_type=\"widget\" data-widget_type=\"heading.default\">\n\t\t\t\t<div class=\"elementor-widget-container\">\n\t\t\t<h2 class=\"elementor-heading-title elementor-size-default\"><a href=\"http:\/\/bolsa-de-algodon-eufrates\">EUPHRATES<\/a><\/h2>\t\t<\/div>\n\t\t\t\t<\/div>\n\t\t\t\t\t\t<\/div>\n\t\t\t\t\t<\/div>\n\t\t<\/div>\n\t\t\t\t<div class=\"elementor-column elementor-col-33 elementor-top-column elementor-element elementor-element-151917f\" data-id=\"151917f\" data-element_type=\"column\">\n\t\t\t<div class=\"elementor-column-wrap elementor-element-populated\">\n\t\t\t\t\t\t\t<div class=\"elementor-widget-wrap\">\n\t\t\t\t\t\t<div class=\"elementor-element elementor-element-8cfa562 elementor-widget elementor-widget-image\" data-id=\"8cfa562\" data-element_type=\"widget\" data-widget_type=\"image.default\">\n\t\t\t\t<div class=\"elementor-widget-container\">\n\t\t\t\t\t<div class=\"elementor-image\">\n\t\t\t\t\t\t\t\t\t\t\t<a href=\"http:\/\/bolsa-de-algodon-amazonas\">\n\t\t\t\t\t\t\t<img width=\"370\" height=\"246\" src=\"https:\/\/luxepack.es\/wp-content\/uploads\/2019\/06\/algodon-amazonas-24-370x246.jpg\" class=\"attachment-large size-large\" alt=\"\" loading=\"lazy\" srcset=\"https:\/\/luxepack.es\/wp-content\/uploads\/2019\/06\/algodon-amazonas-24-370x246.jpg 370w, https:\/\/luxepack.es\/wp-content\/uploads\/2019\/06\/algodon-amazonas-24-370x246-300x199.jpg 300w\" sizes=\"(max-width: 370px) 100vw, 370px\" \/>\t\t\t\t\t\t\t\t<\/a>\n\t\t\t\t\t\t\t\t\t\t\t<\/div>\n\t\t\t\t<\/div>\n\t\t\t\t<\/div>\n\t\t\t\t<div class=\"elementor-element elementor-element-7951cfc elementor-widget elementor-widget-heading\" data-id=\"7951cfc\" data-element_type=\"widget\" data-widget_type=\"heading.default\">\n\t\t\t\t<div class=\"elementor-widget-container\">\n\t\t\t<h2 class=\"elementor-heading-title elementor-size-default\"><a href=\"http:\/\/bolsa-de-algodon-amazonas\">AMAZONIE<\/a><\/h2>\t\t<\/div>\n\t\t\t\t<\/div>\n\t\t\t\t\t\t<\/div>\n\t\t\t\t\t<\/div>\n\t\t<\/div>\n\t\t\t\t<div class=\"elementor-column elementor-col-33 elementor-top-column elementor-element elementor-element-ba88ae9\" data-id=\"ba88ae9\" data-element_type=\"column\">\n\t\t\t<div class=\"elementor-column-wrap elementor-element-populated\">\n\t\t\t\t\t\t\t<div class=\"elementor-widget-wrap\">\n\t\t\t\t\t\t\t\t<\/div>\n\t\t\t\t\t<\/div>\n\t\t<\/div>\n\t\t\t\t\t\t\t\t<\/div>\n\t\t\t\t\t<\/div>\n\t\t<\/section>\n\t\t\t\t\t\t<\/div>\n\t\t\t\t\t\t<\/div>\n\t\t\t\t\t<\/div>","protected":false},"excerpt":{"rendered":"<p>El algod\u00f3n es un material \u00fanico debido a sus numerosas virtudes, entre las que podemos destacar la est\u00e9tica, la resistencia, su dimensi\u00f3n ecol\u00f3gica y la suavidad. La fabricaci\u00f3n de bolsas de algod\u00f3n es, por lo tanto, una oportunidad real para satisfacer a nuestros clientes, proporcion\u00e1ndolos un producto de alta calidad que a su vez respeta [&hellip;]<\/p>","protected":false},"author":1,"featured_media":0,"parent":0,"menu_order":0,"comment_status":"closed","ping_status":"closed","template":"page-templates\/fullwidth-content.php","meta":[],"yoast_head":"<!-- This site is optimized with the Yoast SEO plugin v15.9 - https:\/\/yoast.com\/wordpress\/plugins\/seo\/ -->\n<title>BOLSAS DE ALGOD\u00d3N - Luxepack<\/title>\n<meta name=\"robots\" content=\"index, follow, max-snippet:-1, max-image-preview:large, max-video-preview:-1\" \/>\n<link rel=\"canonical\" href=\"https:\/\/luxepack.es\/fr\/bolsas-de-algodon\/\" \/>\n<meta property=\"og:locale\" content=\"fr_FR\" \/>\n<meta property=\"og:type\" content=\"article\" \/>\n<meta property=\"og:title\" content=\"BOLSAS DE ALGOD\u00d3N - Luxepack\" \/>\n<meta property=\"og:description\" content=\"El algod\u00f3n es un material \u00fanico debido a sus numerosas virtudes, entre las que podemos destacar la est\u00e9tica, la resistencia, su dimensi\u00f3n ecol\u00f3gica y la suavidad. La fabricaci\u00f3n de bolsas de algod\u00f3n es, por lo tanto, una oportunidad real para satisfacer a nuestros clientes, proporcion\u00e1ndolos un producto de alta calidad que a su vez respeta [&hellip;]\" \/>\n<meta property=\"og:url\" content=\"https:\/\/luxepack.es\/fr\/bolsas-de-algodon\/\" \/>\n<meta property=\"og:site_name\" content=\"Luxepack\" \/>\n<meta property=\"article:publisher\" content=\"https:\/\/www.facebook.com\/luxepack\/\" \/>\n<meta property=\"article:modified_time\" content=\"2020-01-22T18:01:15+00:00\" \/>\n<meta property=\"og:image\" content=\"https:\/\/luxepack.es\/wp-content\/uploads\/2019\/06\/Texto-Bolsas-de-Algodon-300x42.jpg\" \/>\n<meta name=\"twitter:card\" content=\"summary_large_image\" \/>\n<meta name=\"twitter:label1\" content=\"Dur\u00e9e de lecture est.\">\n\t<meta name=\"twitter:data1\" content=\"1 minute\">\n<script type=\"application\/ld+json\" class=\"yoast-schema-graph\">{\"@context\":\"https:\/\/schema.org\",\"@graph\":[{\"@type\":\"Organization\",\"@id\":\"https:\/\/luxepack.es\/#organization\",\"name\":\"LUXE PACKAGING IBERICA\",\"url\":\"https:\/\/luxepack.es\/\",\"sameAs\":[\"https:\/\/www.facebook.com\/luxepack\/\",\"https:\/\/www.instagram.com\/luxepackagingiberica\/\"],\"logo\":{\"@type\":\"ImageObject\",\"@id\":\"https:\/\/luxepack.es\/#logo\",\"inLanguage\":\"fr-FR\",\"url\":\"https:\/\/luxepack.es\/wp-content\/uploads\/2019\/06\/Logo-LuxePack.jpg\",\"width\":175,\"height\":96,\"caption\":\"LUXE PACKAGING IBERICA\"},\"image\":{\"@id\":\"https:\/\/luxepack.es\/#logo\"}},{\"@type\":\"WebSite\",\"@id\":\"https:\/\/luxepack.es\/#website\",\"url\":\"https:\/\/luxepack.es\/\",\"name\":\"Luxepack\",\"description\":\"Luxe Packaging Ib\\u00e9rica\",\"publisher\":{\"@id\":\"https:\/\/luxepack.es\/#organization\"},\"potentialAction\":[{\"@type\":\"SearchAction\",\"target\":\"https:\/\/luxepack.es\/?s={search_term_string}\",\"query-input\":\"required name=search_term_string\"}],\"inLanguage\":\"fr-FR\"},{\"@type\":\"ImageObject\",\"@id\":\"https:\/\/luxepack.es\/bolsas-de-algodon\/#primaryimage\",\"inLanguage\":\"fr-FR\",\"url\":\"https:\/\/luxepack.es\/wp-content\/uploads\/2019\/06\/Texto-Bolsas-de-Algodon.jpg\",\"width\":1080,\"height\":152},{\"@type\":\"WebPage\",\"@id\":\"https:\/\/luxepack.es\/bolsas-de-algodon\/#webpage\",\"url\":\"https:\/\/luxepack.es\/bolsas-de-algodon\/\",\"name\":\"BOLSAS DE ALGOD\\u00d3N - Luxepack\",\"isPartOf\":{\"@id\":\"https:\/\/luxepack.es\/#website\"},\"primaryImageOfPage\":{\"@id\":\"https:\/\/luxepack.es\/bolsas-de-algodon\/#primaryimage\"},\"datePublished\":\"2019-05-30T16:38:15+00:00\",\"dateModified\":\"2020-01-22T18:01:15+00:00\",\"breadcrumb\":{\"@id\":\"https:\/\/luxepack.es\/bolsas-de-algodon\/#breadcrumb\"},\"inLanguage\":\"fr-FR\",\"potentialAction\":[{\"@type\":\"ReadAction\",\"target\":[\"https:\/\/luxepack.es\/bolsas-de-algodon\/\"]}]},{\"@type\":\"BreadcrumbList\",\"@id\":\"https:\/\/luxepack.es\/bolsas-de-algodon\/#breadcrumb\",\"itemListElement\":[{\"@type\":\"ListItem\",\"position\":1,\"item\":{\"@type\":\"WebPage\",\"@id\":\"https:\/\/luxepack.es\/\",\"url\":\"https:\/\/luxepack.es\/\",\"name\":\"Portada\"}},{\"@type\":\"ListItem\",\"position\":2,\"item\":{\"@type\":\"WebPage\",\"@id\":\"https:\/\/luxepack.es\/bolsas-de-algodon\/\",\"url\":\"https:\/\/luxepack.es\/bolsas-de-algodon\/\",\"name\":\"BOLSAS DE ALGOD\\u00d3N\"}}]}]}<\/script>\n<!-- \/ Yoast SEO plugin. -->","_links":{"self":[{"href":"https:\/\/luxepack.es\/fr\/wp-json\/wp\/v2\/pages\/1101"}],"collection":[{"href":"https:\/\/luxepack.es\/fr\/wp-json\/wp\/v2\/pages"}],"about":[{"href":"https:\/\/luxepack.es\/fr\/wp-json\/wp\/v2\/types\/page"}],"author":[{"embeddable":true,"href":"https:\/\/luxepack.es\/fr\/wp-json\/wp\/v2\/users\/1"}],"replies":[{"embeddable":true,"href":"https:\/\/luxepack.es\/fr\/wp-json\/wp\/v2\/comments?post=1101"}],"version-history":[{"count":4,"href":"https:\/\/luxepack.es\/fr\/wp-json\/wp\/v2\/pages\/1101\/revisions"}],"predecessor-version":[{"id":2931,"href":"https:\/\/luxepack.es\/fr\/wp-json\/wp\/v2\/pages\/1101\/revisions\/2931"}],"wp:attachment":[{"href":"https:\/\/luxepack.es\/fr\/wp-json\/wp\/v2\/media?parent=1101"}],"curies":[{"name":"wp","href":"https:\/\/api.w.org\/{rel}","templated":true}]}}