{"id":1111,"date":"2019-05-30T16:49:54","date_gmt":"2019-05-30T16:49:54","guid":{"rendered":"http:\/\/luxepack.es\/?page_id=1111"},"modified":"2019-07-08T06:28:43","modified_gmt":"2019-07-08T06:28:43","slug":"bolsas-de-rafia","status":"publish","type":"page","link":"https:\/\/luxepack.es\/fr\/bolsas-de-rafia\/","title":{"rendered":"SACS DE RAPHIA"},"content":{"rendered":"<div data-elementor-type=\"wp-post\" data-elementor-id=\"1111\" class=\"elementor elementor-1111\" data-elementor-settings=\"[]\">\n\t\t\t\t\t\t<div class=\"elementor-inner\">\n\t\t\t\t\t\t\t<div class=\"elementor-section-wrap\">\n\t\t\t\t\t\t\t<section class=\"elementor-section elementor-top-section elementor-element elementor-element-65990f61 elementor-section-boxed elementor-section-height-default elementor-section-height-default\" data-id=\"65990f61\" data-element_type=\"section\">\n\t\t\t\t\t\t<div class=\"elementor-container elementor-column-gap-default\">\n\t\t\t\t\t\t\t<div class=\"elementor-row\">\n\t\t\t\t\t<div class=\"elementor-column elementor-col-100 elementor-top-column elementor-element elementor-element-6f1cc8b8\" data-id=\"6f1cc8b8\" data-element_type=\"column\">\n\t\t\t<div class=\"elementor-column-wrap elementor-element-populated\">\n\t\t\t\t\t\t\t<div class=\"elementor-widget-wrap\">\n\t\t\t\t\t\t<div class=\"elementor-element elementor-element-5ec30bb4 elementor-widget elementor-widget-image\" data-id=\"5ec30bb4\" data-element_type=\"widget\" data-widget_type=\"image.default\">\n\t\t\t\t<div class=\"elementor-widget-container\">\n\t\t\t\t\t<div class=\"elementor-image\">\n\t\t\t\t\t\t\t\t\t\t<img width=\"300\" height=\"40\" src=\"https:\/\/luxepack.es\/wp-content\/uploads\/2019\/06\/Texto-Bolsas-de-rafia-300x40.jpg\" class=\"attachment-medium size-medium\" alt=\"\" loading=\"lazy\" srcset=\"https:\/\/luxepack.es\/wp-content\/uploads\/2019\/06\/Texto-Bolsas-de-rafia-300x40.jpg 300w, https:\/\/luxepack.es\/wp-content\/uploads\/2019\/06\/Texto-Bolsas-de-rafia-768x103.jpg 768w, https:\/\/luxepack.es\/wp-content\/uploads\/2019\/06\/Texto-Bolsas-de-rafia-1024x137.jpg 1024w, https:\/\/luxepack.es\/wp-content\/uploads\/2019\/06\/Texto-Bolsas-de-rafia-600x81.jpg 600w, https:\/\/luxepack.es\/wp-content\/uploads\/2019\/06\/Texto-Bolsas-de-rafia.jpg 1132w\" sizes=\"(max-width: 300px) 100vw, 300px\" \/>\t\t\t\t\t\t\t\t\t\t\t<\/div>\n\t\t\t\t<\/div>\n\t\t\t\t<\/div>\n\t\t\t\t<div class=\"elementor-element elementor-element-30fdf16c elementor-widget elementor-widget-image\" data-id=\"30fdf16c\" data-element_type=\"widget\" data-widget_type=\"image.default\">\n\t\t\t\t<div class=\"elementor-widget-container\">\n\t\t\t\t\t<div class=\"elementor-image\">\n\t\t\t\t\t\t\t\t\t\t<img width=\"1180\" height=\"620\" src=\"https:\/\/luxepack.es\/wp-content\/uploads\/2019\/07\/bodegon-rafia.jpg\" class=\"attachment-full size-full\" alt=\"\" loading=\"lazy\" srcset=\"https:\/\/luxepack.es\/wp-content\/uploads\/2019\/07\/bodegon-rafia.jpg 1180w, https:\/\/luxepack.es\/wp-content\/uploads\/2019\/07\/bodegon-rafia-300x158.jpg 300w, https:\/\/luxepack.es\/wp-content\/uploads\/2019\/07\/bodegon-rafia-768x404.jpg 768w, https:\/\/luxepack.es\/wp-content\/uploads\/2019\/07\/bodegon-rafia-1024x538.jpg 1024w, https:\/\/luxepack.es\/wp-content\/uploads\/2019\/07\/bodegon-rafia-600x315.jpg 600w\" sizes=\"(max-width: 1180px) 100vw, 1180px\" \/>\t\t\t\t\t\t\t\t\t\t\t<\/div>\n\t\t\t\t<\/div>\n\t\t\t\t<\/div>\n\t\t\t\t<div class=\"elementor-element elementor-element-ce41901 elementor-widget elementor-widget-text-editor\" data-id=\"ce41901\" data-element_type=\"widget\" data-widget_type=\"text-editor.default\">\n\t\t\t\t<div class=\"elementor-widget-container\">\n\t\t\t\t\t<div class=\"elementor-text-editor elementor-clearfix\"><p>Le polypropyl\u00e8ne tiss\u00e9, commun\u00e9ment connu sous le nom de raphia, est un mat\u00e9riau r\u00e9sistant et mall\u00e9able qui permet de produire des sacs de haute qualit\u00e9 avec une capacit\u00e9 de volume \u00e9lev\u00e9e tout en conservant une excellente r\u00e9sistance. Depuis toujours, nous faisons des sacs pour de nombreux clients et avons \u00e9t\u00e9 en mesure de r\u00e9pondre \u00e0 une demande variable. Cela nous permet aujourd'hui d'offrir une production certifi\u00e9e durable de sacs simples ou bien isothermes \u00e9co-responsables gr\u00e2ce \u00e0 nos nombreuses accr\u00e9ditations \u00e0 cet \u00e9gard.<\/p><p>Nous sommes fiers de pr\u00e9senter une s\u00e9rie de sacs dont les variations sont tr\u00e8s larges pour adapter le produit \u00e0 vos besoins permettant de les utiliser comme <b>\"LA PUBLICITE LA PLUS DURABLE\"<\/b>.<\/p><\/div>\n\t\t\t\t<\/div>\n\t\t\t\t<\/div>\n\t\t\t\t\t\t<\/div>\n\t\t\t\t\t<\/div>\n\t\t<\/div>\n\t\t\t\t\t\t\t\t<\/div>\n\t\t\t\t\t<\/div>\n\t\t<\/section>\n\t\t\t\t<section class=\"elementor-section elementor-top-section elementor-element elementor-element-59ac5208 elementor-section-boxed elementor-section-height-default elementor-section-height-default\" data-id=\"59ac5208\" data-element_type=\"section\" data-settings=\"{&quot;background_background&quot;:&quot;classic&quot;}\">\n\t\t\t\t\t\t<div class=\"elementor-container elementor-column-gap-extended\">\n\t\t\t\t\t\t\t<div class=\"elementor-row\">\n\t\t\t\t\t<div class=\"elementor-column elementor-col-33 elementor-top-column elementor-element elementor-element-68e62a53\" data-id=\"68e62a53\" data-element_type=\"column\">\n\t\t\t<div class=\"elementor-column-wrap elementor-element-populated\">\n\t\t\t\t\t\t\t<div class=\"elementor-widget-wrap\">\n\t\t\t\t\t\t<div class=\"elementor-element elementor-element-313d1a25 elementor-widget elementor-widget-image\" data-id=\"313d1a25\" data-element_type=\"widget\" data-widget_type=\"image.default\">\n\t\t\t\t<div class=\"elementor-widget-container\">\n\t\t\t\t\t<div class=\"elementor-image\">\n\t\t\t\t\t\t\t\t\t\t\t<a href=\"http:\/\/bolsa-de-rafia-londres\">\n\t\t\t\t\t\t\t<img width=\"370\" height=\"246\" src=\"https:\/\/luxepack.es\/wp-content\/uploads\/2019\/06\/raffia-londres-09-370x246.jpg\" class=\"attachment-large size-large\" alt=\"\" loading=\"lazy\" srcset=\"https:\/\/luxepack.es\/wp-content\/uploads\/2019\/06\/raffia-londres-09-370x246.jpg 370w, https:\/\/luxepack.es\/wp-content\/uploads\/2019\/06\/raffia-londres-09-370x246-300x199.jpg 300w\" sizes=\"(max-width: 370px) 100vw, 370px\" \/>\t\t\t\t\t\t\t\t<\/a>\n\t\t\t\t\t\t\t\t\t\t\t<\/div>\n\t\t\t\t<\/div>\n\t\t\t\t<\/div>\n\t\t\t\t<div class=\"elementor-element elementor-element-75ef0625 elementor-widget elementor-widget-heading\" data-id=\"75ef0625\" data-element_type=\"widget\" data-widget_type=\"heading.default\">\n\t\t\t\t<div class=\"elementor-widget-container\">\n\t\t\t<h2 class=\"elementor-heading-title elementor-size-default\"><a href=\"http:\/\/bolsa-de-rafia-londres\">LONDON<\/a><\/h2>\t\t<\/div>\n\t\t\t\t<\/div>\n\t\t\t\t\t\t<\/div>\n\t\t\t\t\t<\/div>\n\t\t<\/div>\n\t\t\t\t<div class=\"elementor-column elementor-col-33 elementor-top-column elementor-element elementor-element-5ca32723\" data-id=\"5ca32723\" data-element_type=\"column\">\n\t\t\t<div class=\"elementor-column-wrap elementor-element-populated\">\n\t\t\t\t\t\t\t<div class=\"elementor-widget-wrap\">\n\t\t\t\t\t\t<div class=\"elementor-element elementor-element-20be436f elementor-widget elementor-widget-image\" data-id=\"20be436f\" data-element_type=\"widget\" data-widget_type=\"image.default\">\n\t\t\t\t<div class=\"elementor-widget-container\">\n\t\t\t\t\t<div class=\"elementor-image\">\n\t\t\t\t\t\t\t\t\t\t\t<a href=\"http:\/\/bolsa-de-rafia-helsinki\">\n\t\t\t\t\t\t\t<img width=\"370\" height=\"246\" src=\"https:\/\/luxepack.es\/wp-content\/uploads\/2019\/06\/raffia-helsinki-10-370x246.jpg\" class=\"attachment-large size-large\" alt=\"\" loading=\"lazy\" srcset=\"https:\/\/luxepack.es\/wp-content\/uploads\/2019\/06\/raffia-helsinki-10-370x246.jpg 370w, https:\/\/luxepack.es\/wp-content\/uploads\/2019\/06\/raffia-helsinki-10-370x246-300x199.jpg 300w\" sizes=\"(max-width: 370px) 100vw, 370px\" \/>\t\t\t\t\t\t\t\t<\/a>\n\t\t\t\t\t\t\t\t\t\t\t<\/div>\n\t\t\t\t<\/div>\n\t\t\t\t<\/div>\n\t\t\t\t<div class=\"elementor-element elementor-element-10e25353 elementor-widget elementor-widget-heading\" data-id=\"10e25353\" data-element_type=\"widget\" data-widget_type=\"heading.default\">\n\t\t\t\t<div class=\"elementor-widget-container\">\n\t\t\t<h2 class=\"elementor-heading-title elementor-size-default\"><a href=\"http:\/\/bolsa-de-rafia-helsinki\">HELSINKI<\/a><\/h2>\t\t<\/div>\n\t\t\t\t<\/div>\n\t\t\t\t\t\t<\/div>\n\t\t\t\t\t<\/div>\n\t\t<\/div>\n\t\t\t\t<div class=\"elementor-column elementor-col-33 elementor-top-column elementor-element elementor-element-40571be3\" data-id=\"40571be3\" data-element_type=\"column\">\n\t\t\t<div class=\"elementor-column-wrap elementor-element-populated\">\n\t\t\t\t\t\t\t<div class=\"elementor-widget-wrap\">\n\t\t\t\t\t\t<div class=\"elementor-element elementor-element-2cd4ef64 elementor-widget elementor-widget-image\" data-id=\"2cd4ef64\" data-element_type=\"widget\" data-widget_type=\"image.default\">\n\t\t\t\t<div class=\"elementor-widget-container\">\n\t\t\t\t\t<div class=\"elementor-image\">\n\t\t\t\t\t\t\t\t\t\t\t<a href=\"http:\/\/bolsa-de-rafia-praga\">\n\t\t\t\t\t\t\t<img width=\"370\" height=\"246\" src=\"https:\/\/luxepack.es\/wp-content\/uploads\/2019\/06\/raffia-praga-11-370x246.jpg\" class=\"attachment-large size-large\" alt=\"\" loading=\"lazy\" srcset=\"https:\/\/luxepack.es\/wp-content\/uploads\/2019\/06\/raffia-praga-11-370x246.jpg 370w, https:\/\/luxepack.es\/wp-content\/uploads\/2019\/06\/raffia-praga-11-370x246-300x199.jpg 300w\" sizes=\"(max-width: 370px) 100vw, 370px\" \/>\t\t\t\t\t\t\t\t<\/a>\n\t\t\t\t\t\t\t\t\t\t\t<\/div>\n\t\t\t\t<\/div>\n\t\t\t\t<\/div>\n\t\t\t\t<div class=\"elementor-element elementor-element-81e39dd elementor-widget elementor-widget-heading\" data-id=\"81e39dd\" data-element_type=\"widget\" data-widget_type=\"heading.default\">\n\t\t\t\t<div class=\"elementor-widget-container\">\n\t\t\t<h2 class=\"elementor-heading-title elementor-size-default\"><a href=\"http:\/\/bolsa-de-rafia-praga\">PRAGUE<\/a><\/h2>\t\t<\/div>\n\t\t\t\t<\/div>\n\t\t\t\t\t\t<\/div>\n\t\t\t\t\t<\/div>\n\t\t<\/div>\n\t\t\t\t\t\t\t\t<\/div>\n\t\t\t\t\t<\/div>\n\t\t<\/section>\n\t\t\t\t<section class=\"elementor-section elementor-top-section elementor-element elementor-element-273d3b4 elementor-section-boxed elementor-section-height-default elementor-section-height-default\" data-id=\"273d3b4\" data-element_type=\"section\" data-settings=\"{&quot;background_background&quot;:&quot;classic&quot;}\">\n\t\t\t\t\t\t<div class=\"elementor-container elementor-column-gap-extended\">\n\t\t\t\t\t\t\t<div class=\"elementor-row\">\n\t\t\t\t\t<div class=\"elementor-column elementor-col-33 elementor-top-column elementor-element elementor-element-f1fcc97\" data-id=\"f1fcc97\" data-element_type=\"column\">\n\t\t\t<div class=\"elementor-column-wrap elementor-element-populated\">\n\t\t\t\t\t\t\t<div class=\"elementor-widget-wrap\">\n\t\t\t\t\t\t<div class=\"elementor-element elementor-element-82b1b9c elementor-widget elementor-widget-image\" data-id=\"82b1b9c\" data-element_type=\"widget\" data-widget_type=\"image.default\">\n\t\t\t\t<div class=\"elementor-widget-container\">\n\t\t\t\t\t<div class=\"elementor-image\">\n\t\t\t\t\t\t\t\t\t\t\t<a href=\"http:\/\/bolsa-de-rafia-berlin\">\n\t\t\t\t\t\t\t<img width=\"370\" height=\"246\" src=\"https:\/\/luxepack.es\/wp-content\/uploads\/2019\/06\/raffia-berlin-12-370x246.jpg\" class=\"attachment-large size-large\" alt=\"\" loading=\"lazy\" srcset=\"https:\/\/luxepack.es\/wp-content\/uploads\/2019\/06\/raffia-berlin-12-370x246.jpg 370w, https:\/\/luxepack.es\/wp-content\/uploads\/2019\/06\/raffia-berlin-12-370x246-300x199.jpg 300w\" sizes=\"(max-width: 370px) 100vw, 370px\" \/>\t\t\t\t\t\t\t\t<\/a>\n\t\t\t\t\t\t\t\t\t\t\t<\/div>\n\t\t\t\t<\/div>\n\t\t\t\t<\/div>\n\t\t\t\t<div class=\"elementor-element elementor-element-f947011 elementor-widget elementor-widget-heading\" data-id=\"f947011\" data-element_type=\"widget\" data-widget_type=\"heading.default\">\n\t\t\t\t<div class=\"elementor-widget-container\">\n\t\t\t<h2 class=\"elementor-heading-title elementor-size-default\"><a href=\"http:\/\/bolsa-de-rafia-berlin\">BERLIN<\/a><\/h2>\t\t<\/div>\n\t\t\t\t<\/div>\n\t\t\t\t\t\t<\/div>\n\t\t\t\t\t<\/div>\n\t\t<\/div>\n\t\t\t\t<div class=\"elementor-column elementor-col-33 elementor-top-column elementor-element elementor-element-b2d9a06\" data-id=\"b2d9a06\" data-element_type=\"column\">\n\t\t\t<div class=\"elementor-column-wrap elementor-element-populated\">\n\t\t\t\t\t\t\t<div class=\"elementor-widget-wrap\">\n\t\t\t\t\t\t<div class=\"elementor-element elementor-element-f2ff507 elementor-widget elementor-widget-image\" data-id=\"f2ff507\" data-element_type=\"widget\" data-widget_type=\"image.default\">\n\t\t\t\t<div class=\"elementor-widget-container\">\n\t\t\t\t\t<div class=\"elementor-image\">\n\t\t\t\t\t\t\t\t\t\t\t<a href=\"http:\/\/bolsa-de-rafia-paris\">\n\t\t\t\t\t\t\t<img width=\"370\" height=\"246\" src=\"https:\/\/luxepack.es\/wp-content\/uploads\/2019\/06\/raffia-paris-13-340x246.jpg\" class=\"attachment-large size-large\" alt=\"\" loading=\"lazy\" srcset=\"https:\/\/luxepack.es\/wp-content\/uploads\/2019\/06\/raffia-paris-13-340x246.jpg 370w, https:\/\/luxepack.es\/wp-content\/uploads\/2019\/06\/raffia-paris-13-340x246-300x199.jpg 300w\" sizes=\"(max-width: 370px) 100vw, 370px\" \/>\t\t\t\t\t\t\t\t<\/a>\n\t\t\t\t\t\t\t\t\t\t\t<\/div>\n\t\t\t\t<\/div>\n\t\t\t\t<\/div>\n\t\t\t\t<div class=\"elementor-element elementor-element-e7fedf4 elementor-widget elementor-widget-heading\" data-id=\"e7fedf4\" data-element_type=\"widget\" data-widget_type=\"heading.default\">\n\t\t\t\t<div class=\"elementor-widget-container\">\n\t\t\t<h2 class=\"elementor-heading-title elementor-size-default\"><a href=\"http:\/\/bolsa-de-rafia-paris\">PARIS<\/a><\/h2>\t\t<\/div>\n\t\t\t\t<\/div>\n\t\t\t\t\t\t<\/div>\n\t\t\t\t\t<\/div>\n\t\t<\/div>\n\t\t\t\t<div class=\"elementor-column elementor-col-33 elementor-top-column elementor-element elementor-element-06ae922\" data-id=\"06ae922\" data-element_type=\"column\">\n\t\t\t<div class=\"elementor-column-wrap elementor-element-populated\">\n\t\t\t\t\t\t\t<div class=\"elementor-widget-wrap\">\n\t\t\t\t\t\t<div class=\"elementor-element elementor-element-6605470 elementor-widget elementor-widget-image\" data-id=\"6605470\" data-element_type=\"widget\" data-widget_type=\"image.default\">\n\t\t\t\t<div class=\"elementor-widget-container\">\n\t\t\t\t\t<div class=\"elementor-image\">\n\t\t\t\t\t\t\t\t\t\t\t<a href=\"http:\/\/bolsa-de-rafia-roma\">\n\t\t\t\t\t\t\t<img width=\"370\" height=\"246\" src=\"https:\/\/luxepack.es\/wp-content\/uploads\/2019\/06\/raffia-roma-14-370x246.jpg\" class=\"attachment-large size-large\" alt=\"\" loading=\"lazy\" srcset=\"https:\/\/luxepack.es\/wp-content\/uploads\/2019\/06\/raffia-roma-14-370x246.jpg 370w, https:\/\/luxepack.es\/wp-content\/uploads\/2019\/06\/raffia-roma-14-370x246-300x199.jpg 300w\" sizes=\"(max-width: 370px) 100vw, 370px\" \/>\t\t\t\t\t\t\t\t<\/a>\n\t\t\t\t\t\t\t\t\t\t\t<\/div>\n\t\t\t\t<\/div>\n\t\t\t\t<\/div>\n\t\t\t\t<div class=\"elementor-element elementor-element-a51f798 elementor-widget elementor-widget-heading\" data-id=\"a51f798\" data-element_type=\"widget\" data-widget_type=\"heading.default\">\n\t\t\t\t<div class=\"elementor-widget-container\">\n\t\t\t<h2 class=\"elementor-heading-title elementor-size-default\"><a href=\"http:\/\/bolsa-de-rafia-roma\">ROME<\/a><\/h2>\t\t<\/div>\n\t\t\t\t<\/div>\n\t\t\t\t\t\t<\/div>\n\t\t\t\t\t<\/div>\n\t\t<\/div>\n\t\t\t\t\t\t\t\t<\/div>\n\t\t\t\t\t<\/div>\n\t\t<\/section>\n\t\t\t\t<section class=\"elementor-section elementor-top-section elementor-element elementor-element-784d77d elementor-section-boxed elementor-section-height-default elementor-section-height-default\" data-id=\"784d77d\" data-element_type=\"section\" data-settings=\"{&quot;background_background&quot;:&quot;classic&quot;}\">\n\t\t\t\t\t\t<div class=\"elementor-container elementor-column-gap-extended\">\n\t\t\t\t\t\t\t<div class=\"elementor-row\">\n\t\t\t\t\t<div class=\"elementor-column elementor-col-33 elementor-top-column elementor-element elementor-element-ee869e5\" data-id=\"ee869e5\" data-element_type=\"column\">\n\t\t\t<div class=\"elementor-column-wrap elementor-element-populated\">\n\t\t\t\t\t\t\t<div class=\"elementor-widget-wrap\">\n\t\t\t\t\t\t<div class=\"elementor-element elementor-element-959d85b elementor-widget elementor-widget-image\" data-id=\"959d85b\" data-element_type=\"widget\" data-widget_type=\"image.default\">\n\t\t\t\t<div class=\"elementor-widget-container\">\n\t\t\t\t\t<div class=\"elementor-image\">\n\t\t\t\t\t\t\t\t\t\t\t<a href=\"http:\/\/bolsa-de-rafia-madrid\">\n\t\t\t\t\t\t\t<img width=\"370\" height=\"246\" src=\"https:\/\/luxepack.es\/wp-content\/uploads\/2019\/06\/rafia-madrid-15-370x246.jpg\" class=\"attachment-large size-large\" alt=\"\" loading=\"lazy\" srcset=\"https:\/\/luxepack.es\/wp-content\/uploads\/2019\/06\/rafia-madrid-15-370x246.jpg 370w, https:\/\/luxepack.es\/wp-content\/uploads\/2019\/06\/rafia-madrid-15-370x246-300x199.jpg 300w\" sizes=\"(max-width: 370px) 100vw, 370px\" \/>\t\t\t\t\t\t\t\t<\/a>\n\t\t\t\t\t\t\t\t\t\t\t<\/div>\n\t\t\t\t<\/div>\n\t\t\t\t<\/div>\n\t\t\t\t<div class=\"elementor-element elementor-element-8f5503e elementor-widget elementor-widget-heading\" data-id=\"8f5503e\" data-element_type=\"widget\" data-widget_type=\"heading.default\">\n\t\t\t\t<div class=\"elementor-widget-container\">\n\t\t\t<h2 class=\"elementor-heading-title elementor-size-default\"><a href=\"http:\/\/bolsa-de-rafia-madrid\">MADRID<\/a><\/h2>\t\t<\/div>\n\t\t\t\t<\/div>\n\t\t\t\t\t\t<\/div>\n\t\t\t\t\t<\/div>\n\t\t<\/div>\n\t\t\t\t<div class=\"elementor-column elementor-col-33 elementor-top-column elementor-element elementor-element-d3620d9\" data-id=\"d3620d9\" data-element_type=\"column\">\n\t\t\t<div class=\"elementor-column-wrap elementor-element-populated\">\n\t\t\t\t\t\t\t<div class=\"elementor-widget-wrap\">\n\t\t\t\t\t\t<div class=\"elementor-element elementor-element-acfb57e elementor-widget elementor-widget-image\" data-id=\"acfb57e\" data-element_type=\"widget\" data-widget_type=\"image.default\">\n\t\t\t\t<div class=\"elementor-widget-container\">\n\t\t\t\t\t<div class=\"elementor-image\">\n\t\t\t\t\t\t\t\t\t\t\t<a href=\"http:\/\/bolsa-de-rafia-amsterdam\">\n\t\t\t\t\t\t\t<img width=\"370\" height=\"246\" src=\"https:\/\/luxepack.es\/wp-content\/uploads\/2019\/06\/rafia-amsterdam-16-370x246.jpg\" class=\"attachment-large size-large\" alt=\"\" loading=\"lazy\" srcset=\"https:\/\/luxepack.es\/wp-content\/uploads\/2019\/06\/rafia-amsterdam-16-370x246.jpg 370w, https:\/\/luxepack.es\/wp-content\/uploads\/2019\/06\/rafia-amsterdam-16-370x246-300x199.jpg 300w\" sizes=\"(max-width: 370px) 100vw, 370px\" \/>\t\t\t\t\t\t\t\t<\/a>\n\t\t\t\t\t\t\t\t\t\t\t<\/div>\n\t\t\t\t<\/div>\n\t\t\t\t<\/div>\n\t\t\t\t<div class=\"elementor-element elementor-element-f9bb9b0 elementor-widget elementor-widget-heading\" data-id=\"f9bb9b0\" data-element_type=\"widget\" data-widget_type=\"heading.default\">\n\t\t\t\t<div class=\"elementor-widget-container\">\n\t\t\t<h2 class=\"elementor-heading-title elementor-size-default\"><a href=\"http:\/\/bolsa-de-rafia-amsterdam\">AMSTERDAM<\/a><\/h2>\t\t<\/div>\n\t\t\t\t<\/div>\n\t\t\t\t\t\t<\/div>\n\t\t\t\t\t<\/div>\n\t\t<\/div>\n\t\t\t\t<div class=\"elementor-column elementor-col-33 elementor-top-column elementor-element elementor-element-046504f\" data-id=\"046504f\" data-element_type=\"column\">\n\t\t\t<div class=\"elementor-column-wrap elementor-element-populated\">\n\t\t\t\t\t\t\t<div class=\"elementor-widget-wrap\">\n\t\t\t\t\t\t\t\t<\/div>\n\t\t\t\t\t<\/div>\n\t\t<\/div>\n\t\t\t\t\t\t\t\t<\/div>\n\t\t\t\t\t<\/div>\n\t\t<\/section>\n\t\t\t\t\t\t<\/div>\n\t\t\t\t\t\t<\/div>\n\t\t\t\t\t<\/div>","protected":false},"excerpt":{"rendered":"<p>El polipropileno tejido com\u00fanmente conocido como rafia, es un material resistente y maleable, que permite producir bolsas de alta calidad con una gran capacidad de volumen y resistencia. Siempre hemos hecho bolsas para muchos clientes y hemos podido satisfacer una demanda variable. Esto nos permite hoy en d\u00eda poder ofrecer una producci\u00f3n sostenible certificada de [&hellip;]<\/p>","protected":false},"author":1,"featured_media":0,"parent":0,"menu_order":0,"comment_status":"closed","ping_status":"closed","template":"page-templates\/fullwidth-content.php","meta":[],"yoast_head":"<!-- This site is optimized with the Yoast SEO plugin v15.9 - https:\/\/yoast.com\/wordpress\/plugins\/seo\/ -->\n<title>BOLSAS DE RAFIA - Luxepack<\/title>\n<meta name=\"robots\" content=\"index, follow, max-snippet:-1, max-image-preview:large, max-video-preview:-1\" \/>\n<link rel=\"canonical\" href=\"https:\/\/luxepack.es\/fr\/bolsas-de-rafia\/\" \/>\n<meta property=\"og:locale\" content=\"fr_FR\" \/>\n<meta property=\"og:type\" content=\"article\" \/>\n<meta property=\"og:title\" content=\"BOLSAS DE RAFIA - Luxepack\" \/>\n<meta property=\"og:description\" content=\"El polipropileno tejido com\u00fanmente conocido como rafia, es un material resistente y maleable, que permite producir bolsas de alta calidad con una gran capacidad de volumen y resistencia. Siempre hemos hecho bolsas para muchos clientes y hemos podido satisfacer una demanda variable. Esto nos permite hoy en d\u00eda poder ofrecer una producci\u00f3n sostenible certificada de [&hellip;]\" \/>\n<meta property=\"og:url\" content=\"https:\/\/luxepack.es\/fr\/bolsas-de-rafia\/\" \/>\n<meta property=\"og:site_name\" content=\"Luxepack\" \/>\n<meta property=\"article:publisher\" content=\"https:\/\/www.facebook.com\/luxepack\/\" \/>\n<meta property=\"article:modified_time\" content=\"2019-07-08T06:28:43+00:00\" \/>\n<meta property=\"og:image\" content=\"https:\/\/luxepack.es\/wp-content\/uploads\/2019\/06\/Texto-Bolsas-de-rafia-300x40.jpg\" \/>\n<meta name=\"twitter:card\" content=\"summary_large_image\" \/>\n<meta name=\"twitter:label1\" content=\"Dur\u00e9e de lecture est.\">\n\t<meta name=\"twitter:data1\" content=\"1 minute\">\n<script type=\"application\/ld+json\" class=\"yoast-schema-graph\">{\"@context\":\"https:\/\/schema.org\",\"@graph\":[{\"@type\":\"Organization\",\"@id\":\"https:\/\/luxepack.es\/#organization\",\"name\":\"LUXE PACKAGING IBERICA\",\"url\":\"https:\/\/luxepack.es\/\",\"sameAs\":[\"https:\/\/www.facebook.com\/luxepack\/\",\"https:\/\/www.instagram.com\/luxepackagingiberica\/\"],\"logo\":{\"@type\":\"ImageObject\",\"@id\":\"https:\/\/luxepack.es\/#logo\",\"inLanguage\":\"fr-FR\",\"url\":\"https:\/\/luxepack.es\/wp-content\/uploads\/2019\/06\/Logo-LuxePack.jpg\",\"width\":175,\"height\":96,\"caption\":\"LUXE PACKAGING IBERICA\"},\"image\":{\"@id\":\"https:\/\/luxepack.es\/#logo\"}},{\"@type\":\"WebSite\",\"@id\":\"https:\/\/luxepack.es\/#website\",\"url\":\"https:\/\/luxepack.es\/\",\"name\":\"Luxepack\",\"description\":\"Luxe Packaging Ib\\u00e9rica\",\"publisher\":{\"@id\":\"https:\/\/luxepack.es\/#organization\"},\"potentialAction\":[{\"@type\":\"SearchAction\",\"target\":\"https:\/\/luxepack.es\/?s={search_term_string}\",\"query-input\":\"required name=search_term_string\"}],\"inLanguage\":\"fr-FR\"},{\"@type\":\"ImageObject\",\"@id\":\"https:\/\/luxepack.es\/bolsas-de-rafia\/#primaryimage\",\"inLanguage\":\"fr-FR\",\"url\":\"https:\/\/luxepack.es\/wp-content\/uploads\/2019\/06\/Texto-Bolsas-de-rafia.jpg\",\"width\":1132,\"height\":152},{\"@type\":\"WebPage\",\"@id\":\"https:\/\/luxepack.es\/bolsas-de-rafia\/#webpage\",\"url\":\"https:\/\/luxepack.es\/bolsas-de-rafia\/\",\"name\":\"BOLSAS DE RAFIA - Luxepack\",\"isPartOf\":{\"@id\":\"https:\/\/luxepack.es\/#website\"},\"primaryImageOfPage\":{\"@id\":\"https:\/\/luxepack.es\/bolsas-de-rafia\/#primaryimage\"},\"datePublished\":\"2019-05-30T16:49:54+00:00\",\"dateModified\":\"2019-07-08T06:28:43+00:00\",\"breadcrumb\":{\"@id\":\"https:\/\/luxepack.es\/bolsas-de-rafia\/#breadcrumb\"},\"inLanguage\":\"fr-FR\",\"potentialAction\":[{\"@type\":\"ReadAction\",\"target\":[\"https:\/\/luxepack.es\/bolsas-de-rafia\/\"]}]},{\"@type\":\"BreadcrumbList\",\"@id\":\"https:\/\/luxepack.es\/bolsas-de-rafia\/#breadcrumb\",\"itemListElement\":[{\"@type\":\"ListItem\",\"position\":1,\"item\":{\"@type\":\"WebPage\",\"@id\":\"https:\/\/luxepack.es\/\",\"url\":\"https:\/\/luxepack.es\/\",\"name\":\"Portada\"}},{\"@type\":\"ListItem\",\"position\":2,\"item\":{\"@type\":\"WebPage\",\"@id\":\"https:\/\/luxepack.es\/bolsas-de-rafia\/\",\"url\":\"https:\/\/luxepack.es\/bolsas-de-rafia\/\",\"name\":\"BOLSAS DE RAFIA\"}}]}]}<\/script>\n<!-- \/ Yoast SEO plugin. -->","_links":{"self":[{"href":"https:\/\/luxepack.es\/fr\/wp-json\/wp\/v2\/pages\/1111"}],"collection":[{"href":"https:\/\/luxepack.es\/fr\/wp-json\/wp\/v2\/pages"}],"about":[{"href":"https:\/\/luxepack.es\/fr\/wp-json\/wp\/v2\/types\/page"}],"author":[{"embeddable":true,"href":"https:\/\/luxepack.es\/fr\/wp-json\/wp\/v2\/users\/1"}],"replies":[{"embeddable":true,"href":"https:\/\/luxepack.es\/fr\/wp-json\/wp\/v2\/comments?post=1111"}],"version-history":[{"count":4,"href":"https:\/\/luxepack.es\/fr\/wp-json\/wp\/v2\/pages\/1111\/revisions"}],"predecessor-version":[{"id":2813,"href":"https:\/\/luxepack.es\/fr\/wp-json\/wp\/v2\/pages\/1111\/revisions\/2813"}],"wp:attachment":[{"href":"https:\/\/luxepack.es\/fr\/wp-json\/wp\/v2\/media?parent=1111"}],"curies":[{"name":"wp","href":"https:\/\/api.w.org\/{rel}","templated":true}]}}