{"id":1114,"date":"2019-05-30T16:51:35","date_gmt":"2019-05-30T16:51:35","guid":{"rendered":"http:\/\/luxepack.es\/?page_id=1114"},"modified":"2019-07-08T06:27:37","modified_gmt":"2019-07-08T06:27:37","slug":"bolsas-de-papel","status":"publish","type":"page","link":"https:\/\/luxepack.es\/fr\/bolsas-de-papel\/","title":{"rendered":"SACS EN PAPIER"},"content":{"rendered":"<div data-elementor-type=\"wp-post\" data-elementor-id=\"1114\" class=\"elementor elementor-1114\" data-elementor-settings=\"[]\">\n\t\t\t\t\t\t<div class=\"elementor-inner\">\n\t\t\t\t\t\t\t<div class=\"elementor-section-wrap\">\n\t\t\t\t\t\t\t<section class=\"elementor-section elementor-top-section elementor-element elementor-element-52c3c227 elementor-section-boxed elementor-section-height-default elementor-section-height-default\" data-id=\"52c3c227\" data-element_type=\"section\">\n\t\t\t\t\t\t<div class=\"elementor-container elementor-column-gap-default\">\n\t\t\t\t\t\t\t<div class=\"elementor-row\">\n\t\t\t\t\t<div class=\"elementor-column elementor-col-100 elementor-top-column elementor-element elementor-element-466ab528\" data-id=\"466ab528\" data-element_type=\"column\">\n\t\t\t<div class=\"elementor-column-wrap elementor-element-populated\">\n\t\t\t\t\t\t\t<div class=\"elementor-widget-wrap\">\n\t\t\t\t\t\t<div class=\"elementor-element elementor-element-711dda76 elementor-widget elementor-widget-image\" data-id=\"711dda76\" data-element_type=\"widget\" data-widget_type=\"image.default\">\n\t\t\t\t<div class=\"elementor-widget-container\">\n\t\t\t\t\t<div class=\"elementor-image\">\n\t\t\t\t\t\t\t\t\t\t<img width=\"300\" height=\"50\" src=\"https:\/\/luxepack.es\/wp-content\/uploads\/2019\/06\/Texto-Bolsa-de-papel-300x50.jpg\" class=\"attachment-medium size-medium\" alt=\"\" loading=\"lazy\" srcset=\"https:\/\/luxepack.es\/wp-content\/uploads\/2019\/06\/Texto-Bolsa-de-papel-300x50.jpg 300w, https:\/\/luxepack.es\/wp-content\/uploads\/2019\/06\/Texto-Bolsa-de-papel-768x129.jpg 768w, https:\/\/luxepack.es\/wp-content\/uploads\/2019\/06\/Texto-Bolsa-de-papel-600x101.jpg 600w, https:\/\/luxepack.es\/wp-content\/uploads\/2019\/06\/Texto-Bolsa-de-papel.jpg 905w\" sizes=\"(max-width: 300px) 100vw, 300px\" \/>\t\t\t\t\t\t\t\t\t\t\t<\/div>\n\t\t\t\t<\/div>\n\t\t\t\t<\/div>\n\t\t\t\t<div class=\"elementor-element elementor-element-57ee31b4 elementor-widget elementor-widget-image\" data-id=\"57ee31b4\" data-element_type=\"widget\" data-widget_type=\"image.default\">\n\t\t\t\t<div class=\"elementor-widget-container\">\n\t\t\t\t\t<div class=\"elementor-image\">\n\t\t\t\t\t\t\t\t\t\t<img width=\"1180\" height=\"620\" src=\"https:\/\/luxepack.es\/wp-content\/uploads\/2019\/06\/bodegon-bolsas-de-papel-1180x350.jpg\" class=\"attachment-full size-full\" alt=\"\" loading=\"lazy\" srcset=\"https:\/\/luxepack.es\/wp-content\/uploads\/2019\/06\/bodegon-bolsas-de-papel-1180x350.jpg 1180w, https:\/\/luxepack.es\/wp-content\/uploads\/2019\/06\/bodegon-bolsas-de-papel-1180x350-300x158.jpg 300w, https:\/\/luxepack.es\/wp-content\/uploads\/2019\/06\/bodegon-bolsas-de-papel-1180x350-768x404.jpg 768w, https:\/\/luxepack.es\/wp-content\/uploads\/2019\/06\/bodegon-bolsas-de-papel-1180x350-1024x538.jpg 1024w, https:\/\/luxepack.es\/wp-content\/uploads\/2019\/06\/bodegon-bolsas-de-papel-1180x350-600x315.jpg 600w\" sizes=\"(max-width: 1180px) 100vw, 1180px\" \/>\t\t\t\t\t\t\t\t\t\t\t<\/div>\n\t\t\t\t<\/div>\n\t\t\t\t<\/div>\n\t\t\t\t<div class=\"elementor-element elementor-element-30dd100c elementor-widget elementor-widget-text-editor\" data-id=\"30dd100c\" data-element_type=\"widget\" data-widget_type=\"text-editor.default\">\n\t\t\t\t<div class=\"elementor-widget-container\">\n\t\t\t\t\t<div class=\"elementor-text-editor elementor-clearfix\"><p>Le papier nous permet, gr\u00e2ce \u00e0 sa composition, de cr\u00e9er des sacs sophistiqu\u00e9s et \u00e9l\u00e9gant. De plus, au-del\u00e0 de cette dimension luxueuse, nous sommes heureux de dire que ces sacs sont fabriqu\u00e9s dans le respect le plus total de l'environnement. Nos fournisseurs sont r\u00e9gis par des normes strictes qui certifient la durabilit\u00e9 de nos produits, assurant ainsi une image capable de combiner luxe et \u00e9cologie. Ci-joint, nous pr\u00e9sentons une s\u00e9rie de sacs avec lesquels votre marque pourra r\u00e9aliser la <b>\"PUBLICITE LA PLUS ELEGANTE\".<\/b>.<\/p><\/div>\n\t\t\t\t<\/div>\n\t\t\t\t<\/div>\n\t\t\t\t\t\t<\/div>\n\t\t\t\t\t<\/div>\n\t\t<\/div>\n\t\t\t\t\t\t\t\t<\/div>\n\t\t\t\t\t<\/div>\n\t\t<\/section>\n\t\t\t\t<section class=\"elementor-section elementor-top-section elementor-element elementor-element-26835f38 elementor-section-boxed elementor-section-height-default elementor-section-height-default\" data-id=\"26835f38\" data-element_type=\"section\" data-settings=\"{&quot;background_background&quot;:&quot;classic&quot;}\">\n\t\t\t\t\t\t<div class=\"elementor-container elementor-column-gap-extended\">\n\t\t\t\t\t\t\t<div class=\"elementor-row\">\n\t\t\t\t\t<div class=\"elementor-column elementor-col-33 elementor-top-column elementor-element elementor-element-3bf2da3e\" data-id=\"3bf2da3e\" data-element_type=\"column\">\n\t\t\t<div class=\"elementor-column-wrap elementor-element-populated\">\n\t\t\t\t\t\t\t<div class=\"elementor-widget-wrap\">\n\t\t\t\t\t\t<div class=\"elementor-element elementor-element-c72ba6 elementor-widget elementor-widget-image\" data-id=\"c72ba6\" data-element_type=\"widget\" data-widget_type=\"image.default\">\n\t\t\t\t<div class=\"elementor-widget-container\">\n\t\t\t\t\t<div class=\"elementor-image\">\n\t\t\t\t\t\t\t\t\t\t\t<a href=\"http:\/\/bolsa-de-papel-sabina\">\n\t\t\t\t\t\t\t<img width=\"370\" height=\"246\" src=\"https:\/\/luxepack.es\/wp-content\/uploads\/2019\/06\/papel-sabina-370x246.jpg\" class=\"attachment-large size-large\" alt=\"\" loading=\"lazy\" srcset=\"https:\/\/luxepack.es\/wp-content\/uploads\/2019\/06\/papel-sabina-370x246.jpg 370w, https:\/\/luxepack.es\/wp-content\/uploads\/2019\/06\/papel-sabina-370x246-300x199.jpg 300w\" sizes=\"(max-width: 370px) 100vw, 370px\" \/>\t\t\t\t\t\t\t\t<\/a>\n\t\t\t\t\t\t\t\t\t\t\t<\/div>\n\t\t\t\t<\/div>\n\t\t\t\t<\/div>\n\t\t\t\t<div class=\"elementor-element elementor-element-2fa19d2b elementor-widget elementor-widget-heading\" data-id=\"2fa19d2b\" data-element_type=\"widget\" data-widget_type=\"heading.default\">\n\t\t\t\t<div class=\"elementor-widget-container\">\n\t\t\t<h2 class=\"elementor-heading-title elementor-size-default\"><a href=\"http:\/\/bolsa-de-papel-sabina\">SABINA<\/a><\/h2>\t\t<\/div>\n\t\t\t\t<\/div>\n\t\t\t\t\t\t<\/div>\n\t\t\t\t\t<\/div>\n\t\t<\/div>\n\t\t\t\t<div class=\"elementor-column elementor-col-33 elementor-top-column elementor-element elementor-element-7fa23890\" data-id=\"7fa23890\" data-element_type=\"column\">\n\t\t\t<div class=\"elementor-column-wrap elementor-element-populated\">\n\t\t\t\t\t\t\t<div class=\"elementor-widget-wrap\">\n\t\t\t\t\t\t<div class=\"elementor-element elementor-element-6d7c5494 elementor-widget elementor-widget-image\" data-id=\"6d7c5494\" data-element_type=\"widget\" data-widget_type=\"image.default\">\n\t\t\t\t<div class=\"elementor-widget-container\">\n\t\t\t\t\t<div class=\"elementor-image\">\n\t\t\t\t\t\t\t\t\t\t\t<a href=\"http:\/\/bolsa-de-papel-roble\">\n\t\t\t\t\t\t\t<img width=\"370\" height=\"246\" src=\"https:\/\/luxepack.es\/wp-content\/uploads\/2019\/06\/papel-roble-02-370x246.jpg\" class=\"attachment-large size-large\" alt=\"\" loading=\"lazy\" srcset=\"https:\/\/luxepack.es\/wp-content\/uploads\/2019\/06\/papel-roble-02-370x246.jpg 370w, https:\/\/luxepack.es\/wp-content\/uploads\/2019\/06\/papel-roble-02-370x246-300x199.jpg 300w\" sizes=\"(max-width: 370px) 100vw, 370px\" \/>\t\t\t\t\t\t\t\t<\/a>\n\t\t\t\t\t\t\t\t\t\t\t<\/div>\n\t\t\t\t<\/div>\n\t\t\t\t<\/div>\n\t\t\t\t<div class=\"elementor-element elementor-element-490d3811 elementor-widget elementor-widget-heading\" data-id=\"490d3811\" data-element_type=\"widget\" data-widget_type=\"heading.default\">\n\t\t\t\t<div class=\"elementor-widget-container\">\n\t\t\t<h2 class=\"elementor-heading-title elementor-size-default\"><a href=\"http:\/\/bolsa-de-papel-roble\">CH\u00caNE<\/a><\/h2>\t\t<\/div>\n\t\t\t\t<\/div>\n\t\t\t\t\t\t<\/div>\n\t\t\t\t\t<\/div>\n\t\t<\/div>\n\t\t\t\t<div class=\"elementor-column elementor-col-33 elementor-top-column elementor-element elementor-element-7634d01e\" data-id=\"7634d01e\" data-element_type=\"column\">\n\t\t\t<div class=\"elementor-column-wrap elementor-element-populated\">\n\t\t\t\t\t\t\t<div class=\"elementor-widget-wrap\">\n\t\t\t\t\t\t<div class=\"elementor-element elementor-element-402c1970 elementor-widget elementor-widget-image\" data-id=\"402c1970\" data-element_type=\"widget\" data-widget_type=\"image.default\">\n\t\t\t\t<div class=\"elementor-widget-container\">\n\t\t\t\t\t<div class=\"elementor-image\">\n\t\t\t\t\t\t\t\t\t\t\t<a href=\"http:\/\/bolsa-de-papel-haya\">\n\t\t\t\t\t\t\t<img width=\"370\" height=\"246\" src=\"https:\/\/luxepack.es\/wp-content\/uploads\/2019\/06\/papel-haya-03-370x246.jpg\" class=\"attachment-large size-large\" alt=\"\" loading=\"lazy\" srcset=\"https:\/\/luxepack.es\/wp-content\/uploads\/2019\/06\/papel-haya-03-370x246.jpg 370w, https:\/\/luxepack.es\/wp-content\/uploads\/2019\/06\/papel-haya-03-370x246-300x199.jpg 300w\" sizes=\"(max-width: 370px) 100vw, 370px\" \/>\t\t\t\t\t\t\t\t<\/a>\n\t\t\t\t\t\t\t\t\t\t\t<\/div>\n\t\t\t\t<\/div>\n\t\t\t\t<\/div>\n\t\t\t\t<div class=\"elementor-element elementor-element-5e759e77 elementor-widget elementor-widget-heading\" data-id=\"5e759e77\" data-element_type=\"widget\" data-widget_type=\"heading.default\">\n\t\t\t\t<div class=\"elementor-widget-container\">\n\t\t\t<h2 class=\"elementor-heading-title elementor-size-default\"><a href=\"http:\/\/bolsa-de-papel-haya\">H\u00caTRE<\/a><\/h2>\t\t<\/div>\n\t\t\t\t<\/div>\n\t\t\t\t\t\t<\/div>\n\t\t\t\t\t<\/div>\n\t\t<\/div>\n\t\t\t\t\t\t\t\t<\/div>\n\t\t\t\t\t<\/div>\n\t\t<\/section>\n\t\t\t\t<section class=\"elementor-section elementor-top-section elementor-element elementor-element-1eae305 elementor-section-boxed elementor-section-height-default elementor-section-height-default\" data-id=\"1eae305\" data-element_type=\"section\" data-settings=\"{&quot;background_background&quot;:&quot;classic&quot;}\">\n\t\t\t\t\t\t<div class=\"elementor-container elementor-column-gap-extended\">\n\t\t\t\t\t\t\t<div class=\"elementor-row\">\n\t\t\t\t\t<div class=\"elementor-column elementor-col-33 elementor-top-column elementor-element elementor-element-a61425d\" data-id=\"a61425d\" data-element_type=\"column\">\n\t\t\t<div class=\"elementor-column-wrap elementor-element-populated\">\n\t\t\t\t\t\t\t<div class=\"elementor-widget-wrap\">\n\t\t\t\t\t\t<div class=\"elementor-element elementor-element-ac90c22 elementor-widget elementor-widget-image\" data-id=\"ac90c22\" data-element_type=\"widget\" data-widget_type=\"image.default\">\n\t\t\t\t<div class=\"elementor-widget-container\">\n\t\t\t\t\t<div class=\"elementor-image\">\n\t\t\t\t\t\t\t\t\t\t\t<a href=\"http:\/\/bolsa-de-papel-olivo\">\n\t\t\t\t\t\t\t<img width=\"370\" height=\"246\" src=\"https:\/\/luxepack.es\/wp-content\/uploads\/2019\/06\/papel-olivo-04-370x246-1.jpg\" class=\"attachment-large size-large\" alt=\"\" loading=\"lazy\" srcset=\"https:\/\/luxepack.es\/wp-content\/uploads\/2019\/06\/papel-olivo-04-370x246-1.jpg 370w, https:\/\/luxepack.es\/wp-content\/uploads\/2019\/06\/papel-olivo-04-370x246-1-300x199.jpg 300w\" sizes=\"(max-width: 370px) 100vw, 370px\" \/>\t\t\t\t\t\t\t\t<\/a>\n\t\t\t\t\t\t\t\t\t\t\t<\/div>\n\t\t\t\t<\/div>\n\t\t\t\t<\/div>\n\t\t\t\t<div class=\"elementor-element elementor-element-3cfa506 elementor-widget elementor-widget-heading\" data-id=\"3cfa506\" data-element_type=\"widget\" data-widget_type=\"heading.default\">\n\t\t\t\t<div class=\"elementor-widget-container\">\n\t\t\t<h2 class=\"elementor-heading-title elementor-size-default\"><a href=\"http:\/\/bolsa-de-papel-olivo\">OLIVIER<\/a><\/h2>\t\t<\/div>\n\t\t\t\t<\/div>\n\t\t\t\t\t\t<\/div>\n\t\t\t\t\t<\/div>\n\t\t<\/div>\n\t\t\t\t<div class=\"elementor-column elementor-col-33 elementor-top-column elementor-element elementor-element-e78636e\" data-id=\"e78636e\" data-element_type=\"column\">\n\t\t\t<div class=\"elementor-column-wrap elementor-element-populated\">\n\t\t\t\t\t\t\t<div class=\"elementor-widget-wrap\">\n\t\t\t\t\t\t<div class=\"elementor-element elementor-element-9b63128 elementor-widget elementor-widget-image\" data-id=\"9b63128\" data-element_type=\"widget\" data-widget_type=\"image.default\">\n\t\t\t\t<div class=\"elementor-widget-container\">\n\t\t\t\t\t<div class=\"elementor-image\">\n\t\t\t\t\t\t\t\t\t\t\t<a href=\"http:\/\/bolsa-de-papel-castano\">\n\t\t\t\t\t\t\t<img width=\"370\" height=\"246\" src=\"https:\/\/luxepack.es\/wp-content\/uploads\/2019\/06\/papel-castano-05-370x246.jpg\" class=\"attachment-large size-large\" alt=\"\" loading=\"lazy\" srcset=\"https:\/\/luxepack.es\/wp-content\/uploads\/2019\/06\/papel-castano-05-370x246.jpg 370w, https:\/\/luxepack.es\/wp-content\/uploads\/2019\/06\/papel-castano-05-370x246-300x199.jpg 300w\" sizes=\"(max-width: 370px) 100vw, 370px\" \/>\t\t\t\t\t\t\t\t<\/a>\n\t\t\t\t\t\t\t\t\t\t\t<\/div>\n\t\t\t\t<\/div>\n\t\t\t\t<\/div>\n\t\t\t\t<div class=\"elementor-element elementor-element-b597c39 elementor-widget elementor-widget-heading\" data-id=\"b597c39\" data-element_type=\"widget\" data-widget_type=\"heading.default\">\n\t\t\t\t<div class=\"elementor-widget-container\">\n\t\t\t<h2 class=\"elementor-heading-title elementor-size-default\"><a href=\"http:\/\/bolsa-de-papel-castano\">CHAITAIGNER<\/a><\/h2>\t\t<\/div>\n\t\t\t\t<\/div>\n\t\t\t\t\t\t<\/div>\n\t\t\t\t\t<\/div>\n\t\t<\/div>\n\t\t\t\t<div class=\"elementor-column elementor-col-33 elementor-top-column elementor-element elementor-element-984aef6\" data-id=\"984aef6\" data-element_type=\"column\">\n\t\t\t<div class=\"elementor-column-wrap elementor-element-populated\">\n\t\t\t\t\t\t\t<div class=\"elementor-widget-wrap\">\n\t\t\t\t\t\t<div class=\"elementor-element elementor-element-62b29a9 elementor-widget elementor-widget-image\" data-id=\"62b29a9\" data-element_type=\"widget\" data-widget_type=\"image.default\">\n\t\t\t\t<div class=\"elementor-widget-container\">\n\t\t\t\t\t<div class=\"elementor-image\">\n\t\t\t\t\t\t\t\t\t\t\t<a href=\"http:\/\/bolsa-de-papel-eucalipto\">\n\t\t\t\t\t\t\t<img width=\"370\" height=\"246\" src=\"https:\/\/luxepack.es\/wp-content\/uploads\/2019\/06\/papel-eucalipto-06-370x246.jpg\" class=\"attachment-large size-large\" alt=\"\" loading=\"lazy\" srcset=\"https:\/\/luxepack.es\/wp-content\/uploads\/2019\/06\/papel-eucalipto-06-370x246.jpg 370w, https:\/\/luxepack.es\/wp-content\/uploads\/2019\/06\/papel-eucalipto-06-370x246-300x199.jpg 300w\" sizes=\"(max-width: 370px) 100vw, 370px\" \/>\t\t\t\t\t\t\t\t<\/a>\n\t\t\t\t\t\t\t\t\t\t\t<\/div>\n\t\t\t\t<\/div>\n\t\t\t\t<\/div>\n\t\t\t\t<div class=\"elementor-element elementor-element-395bf78 elementor-widget elementor-widget-heading\" data-id=\"395bf78\" data-element_type=\"widget\" data-widget_type=\"heading.default\">\n\t\t\t\t<div class=\"elementor-widget-container\">\n\t\t\t<h2 class=\"elementor-heading-title elementor-size-default\"><a href=\"http:\/\/bolsa-de-papel-eucalipto\">EUCALYPTUS<\/a><\/h2>\t\t<\/div>\n\t\t\t\t<\/div>\n\t\t\t\t\t\t<\/div>\n\t\t\t\t\t<\/div>\n\t\t<\/div>\n\t\t\t\t\t\t\t\t<\/div>\n\t\t\t\t\t<\/div>\n\t\t<\/section>\n\t\t\t\t<section class=\"elementor-section elementor-top-section elementor-element elementor-element-7cc5d2a elementor-section-boxed elementor-section-height-default elementor-section-height-default\" data-id=\"7cc5d2a\" data-element_type=\"section\" data-settings=\"{&quot;background_background&quot;:&quot;classic&quot;}\">\n\t\t\t\t\t\t<div class=\"elementor-container elementor-column-gap-extended\">\n\t\t\t\t\t\t\t<div class=\"elementor-row\">\n\t\t\t\t\t<div class=\"elementor-column elementor-col-33 elementor-top-column elementor-element elementor-element-36c4b87\" data-id=\"36c4b87\" data-element_type=\"column\">\n\t\t\t<div class=\"elementor-column-wrap elementor-element-populated\">\n\t\t\t\t\t\t\t<div class=\"elementor-widget-wrap\">\n\t\t\t\t\t\t<div class=\"elementor-element elementor-element-696d4e4 elementor-widget elementor-widget-image\" data-id=\"696d4e4\" data-element_type=\"widget\" data-widget_type=\"image.default\">\n\t\t\t\t<div class=\"elementor-widget-container\">\n\t\t\t\t\t<div class=\"elementor-image\">\n\t\t\t\t\t\t\t\t\t\t\t<a href=\"http:\/\/bolsa-de-papel-abeto\">\n\t\t\t\t\t\t\t<img width=\"370\" height=\"246\" src=\"https:\/\/luxepack.es\/wp-content\/uploads\/2019\/06\/papel-abeto-07-370x246.jpg\" class=\"attachment-large size-large\" alt=\"\" loading=\"lazy\" srcset=\"https:\/\/luxepack.es\/wp-content\/uploads\/2019\/06\/papel-abeto-07-370x246.jpg 370w, https:\/\/luxepack.es\/wp-content\/uploads\/2019\/06\/papel-abeto-07-370x246-300x199.jpg 300w\" sizes=\"(max-width: 370px) 100vw, 370px\" \/>\t\t\t\t\t\t\t\t<\/a>\n\t\t\t\t\t\t\t\t\t\t\t<\/div>\n\t\t\t\t<\/div>\n\t\t\t\t<\/div>\n\t\t\t\t<div class=\"elementor-element elementor-element-3f42b8c elementor-widget elementor-widget-heading\" data-id=\"3f42b8c\" data-element_type=\"widget\" data-widget_type=\"heading.default\">\n\t\t\t\t<div class=\"elementor-widget-container\">\n\t\t\t<h2 class=\"elementor-heading-title elementor-size-default\"><a href=\"http:\/\/bolsa-de-papel-abeto\">SAPIN<\/a><\/h2>\t\t<\/div>\n\t\t\t\t<\/div>\n\t\t\t\t\t\t<\/div>\n\t\t\t\t\t<\/div>\n\t\t<\/div>\n\t\t\t\t<div class=\"elementor-column elementor-col-33 elementor-top-column elementor-element elementor-element-a76f0de\" data-id=\"a76f0de\" data-element_type=\"column\">\n\t\t\t<div class=\"elementor-column-wrap elementor-element-populated\">\n\t\t\t\t\t\t\t<div class=\"elementor-widget-wrap\">\n\t\t\t\t\t\t<div class=\"elementor-element elementor-element-e5392ef elementor-widget elementor-widget-image\" data-id=\"e5392ef\" data-element_type=\"widget\" data-widget_type=\"image.default\">\n\t\t\t\t<div class=\"elementor-widget-container\">\n\t\t\t\t\t<div class=\"elementor-image\">\n\t\t\t\t\t\t\t\t\t\t\t<a href=\"http:\/\/bolsa-de-papel-pino\">\n\t\t\t\t\t\t\t<img width=\"370\" height=\"246\" src=\"https:\/\/luxepack.es\/wp-content\/uploads\/2019\/06\/papel-pino-08-370x246.jpg\" class=\"attachment-large size-large\" alt=\"\" loading=\"lazy\" srcset=\"https:\/\/luxepack.es\/wp-content\/uploads\/2019\/06\/papel-pino-08-370x246.jpg 370w, https:\/\/luxepack.es\/wp-content\/uploads\/2019\/06\/papel-pino-08-370x246-300x199.jpg 300w\" sizes=\"(max-width: 370px) 100vw, 370px\" \/>\t\t\t\t\t\t\t\t<\/a>\n\t\t\t\t\t\t\t\t\t\t\t<\/div>\n\t\t\t\t<\/div>\n\t\t\t\t<\/div>\n\t\t\t\t<div class=\"elementor-element elementor-element-399b62f elementor-widget elementor-widget-heading\" data-id=\"399b62f\" data-element_type=\"widget\" data-widget_type=\"heading.default\">\n\t\t\t\t<div class=\"elementor-widget-container\">\n\t\t\t<h2 class=\"elementor-heading-title elementor-size-default\"><a href=\"http:\/\/bolsa-de-papel-pino\">PINE<\/a><\/h2>\t\t<\/div>\n\t\t\t\t<\/div>\n\t\t\t\t\t\t<\/div>\n\t\t\t\t\t<\/div>\n\t\t<\/div>\n\t\t\t\t<div class=\"elementor-column elementor-col-33 elementor-top-column elementor-element elementor-element-0fb82da\" data-id=\"0fb82da\" data-element_type=\"column\">\n\t\t\t<div class=\"elementor-column-wrap elementor-element-populated\">\n\t\t\t\t\t\t\t<div class=\"elementor-widget-wrap\">\n\t\t\t\t\t\t\t\t<\/div>\n\t\t\t\t\t<\/div>\n\t\t<\/div>\n\t\t\t\t\t\t\t\t<\/div>\n\t\t\t\t\t<\/div>\n\t\t<\/section>\n\t\t\t\t\t\t<\/div>\n\t\t\t\t\t\t<\/div>\n\t\t\t\t\t<\/div>","protected":false},"excerpt":{"rendered":"<p>El papel nos permite, gracias a su composici\u00f3n, crear bolsas sofisticadas y llamativas. Adem\u00e1s, m\u00e1s all\u00e1 de esta lujosa dimensi\u00f3n, nos complace afirmar que estas bolsas tambi\u00e9n se fabrican respetando el entorno que nos rodea. Nuestros proveedores se rigen por estrictas normas que certifican la sostenibilidad de nuestros productos, garantizando as\u00ed una imagen capaz de [&hellip;]<\/p>","protected":false},"author":1,"featured_media":0,"parent":0,"menu_order":0,"comment_status":"closed","ping_status":"closed","template":"page-templates\/fullwidth-content.php","meta":[],"yoast_head":"<!-- This site is optimized with the Yoast SEO plugin v15.9 - https:\/\/yoast.com\/wordpress\/plugins\/seo\/ -->\n<title>BOLSAS DE PAPEL - Luxepack<\/title>\n<meta name=\"robots\" content=\"index, follow, max-snippet:-1, max-image-preview:large, max-video-preview:-1\" \/>\n<link rel=\"canonical\" href=\"https:\/\/luxepack.es\/fr\/bolsas-de-papel\/\" \/>\n<meta property=\"og:locale\" content=\"fr_FR\" \/>\n<meta property=\"og:type\" content=\"article\" \/>\n<meta property=\"og:title\" content=\"BOLSAS DE PAPEL - Luxepack\" \/>\n<meta property=\"og:description\" content=\"El papel nos permite, gracias a su composici\u00f3n, crear bolsas sofisticadas y llamativas. Adem\u00e1s, m\u00e1s all\u00e1 de esta lujosa dimensi\u00f3n, nos complace afirmar que estas bolsas tambi\u00e9n se fabrican respetando el entorno que nos rodea. Nuestros proveedores se rigen por estrictas normas que certifican la sostenibilidad de nuestros productos, garantizando as\u00ed una imagen capaz de [&hellip;]\" \/>\n<meta property=\"og:url\" content=\"https:\/\/luxepack.es\/fr\/bolsas-de-papel\/\" \/>\n<meta property=\"og:site_name\" content=\"Luxepack\" \/>\n<meta property=\"article:publisher\" content=\"https:\/\/www.facebook.com\/luxepack\/\" \/>\n<meta property=\"article:modified_time\" content=\"2019-07-08T06:27:37+00:00\" \/>\n<meta property=\"og:image\" content=\"https:\/\/luxepack.es\/wp-content\/uploads\/2019\/06\/Texto-Bolsa-de-papel-300x50.jpg\" \/>\n<meta name=\"twitter:card\" content=\"summary_large_image\" \/>\n<meta name=\"twitter:label1\" content=\"Dur\u00e9e de lecture est.\">\n\t<meta name=\"twitter:data1\" content=\"1 minute\">\n<script type=\"application\/ld+json\" class=\"yoast-schema-graph\">{\"@context\":\"https:\/\/schema.org\",\"@graph\":[{\"@type\":\"Organization\",\"@id\":\"https:\/\/luxepack.es\/#organization\",\"name\":\"LUXE PACKAGING IBERICA\",\"url\":\"https:\/\/luxepack.es\/\",\"sameAs\":[\"https:\/\/www.facebook.com\/luxepack\/\",\"https:\/\/www.instagram.com\/luxepackagingiberica\/\"],\"logo\":{\"@type\":\"ImageObject\",\"@id\":\"https:\/\/luxepack.es\/#logo\",\"inLanguage\":\"fr-FR\",\"url\":\"https:\/\/luxepack.es\/wp-content\/uploads\/2019\/06\/Logo-LuxePack.jpg\",\"width\":175,\"height\":96,\"caption\":\"LUXE PACKAGING IBERICA\"},\"image\":{\"@id\":\"https:\/\/luxepack.es\/#logo\"}},{\"@type\":\"WebSite\",\"@id\":\"https:\/\/luxepack.es\/#website\",\"url\":\"https:\/\/luxepack.es\/\",\"name\":\"Luxepack\",\"description\":\"Luxe Packaging Ib\\u00e9rica\",\"publisher\":{\"@id\":\"https:\/\/luxepack.es\/#organization\"},\"potentialAction\":[{\"@type\":\"SearchAction\",\"target\":\"https:\/\/luxepack.es\/?s={search_term_string}\",\"query-input\":\"required name=search_term_string\"}],\"inLanguage\":\"fr-FR\"},{\"@type\":\"ImageObject\",\"@id\":\"https:\/\/luxepack.es\/bolsas-de-papel\/#primaryimage\",\"inLanguage\":\"fr-FR\",\"url\":\"https:\/\/luxepack.es\/wp-content\/uploads\/2019\/06\/Texto-Bolsa-de-papel.jpg\",\"width\":905,\"height\":152},{\"@type\":\"WebPage\",\"@id\":\"https:\/\/luxepack.es\/bolsas-de-papel\/#webpage\",\"url\":\"https:\/\/luxepack.es\/bolsas-de-papel\/\",\"name\":\"BOLSAS DE PAPEL - Luxepack\",\"isPartOf\":{\"@id\":\"https:\/\/luxepack.es\/#website\"},\"primaryImageOfPage\":{\"@id\":\"https:\/\/luxepack.es\/bolsas-de-papel\/#primaryimage\"},\"datePublished\":\"2019-05-30T16:51:35+00:00\",\"dateModified\":\"2019-07-08T06:27:37+00:00\",\"breadcrumb\":{\"@id\":\"https:\/\/luxepack.es\/bolsas-de-papel\/#breadcrumb\"},\"inLanguage\":\"fr-FR\",\"potentialAction\":[{\"@type\":\"ReadAction\",\"target\":[\"https:\/\/luxepack.es\/bolsas-de-papel\/\"]}]},{\"@type\":\"BreadcrumbList\",\"@id\":\"https:\/\/luxepack.es\/bolsas-de-papel\/#breadcrumb\",\"itemListElement\":[{\"@type\":\"ListItem\",\"position\":1,\"item\":{\"@type\":\"WebPage\",\"@id\":\"https:\/\/luxepack.es\/\",\"url\":\"https:\/\/luxepack.es\/\",\"name\":\"Portada\"}},{\"@type\":\"ListItem\",\"position\":2,\"item\":{\"@type\":\"WebPage\",\"@id\":\"https:\/\/luxepack.es\/bolsas-de-papel\/\",\"url\":\"https:\/\/luxepack.es\/bolsas-de-papel\/\",\"name\":\"BOLSAS DE PAPEL\"}}]}]}<\/script>\n<!-- \/ Yoast SEO plugin. -->","_links":{"self":[{"href":"https:\/\/luxepack.es\/fr\/wp-json\/wp\/v2\/pages\/1114"}],"collection":[{"href":"https:\/\/luxepack.es\/fr\/wp-json\/wp\/v2\/pages"}],"about":[{"href":"https:\/\/luxepack.es\/fr\/wp-json\/wp\/v2\/types\/page"}],"author":[{"embeddable":true,"href":"https:\/\/luxepack.es\/fr\/wp-json\/wp\/v2\/users\/1"}],"replies":[{"embeddable":true,"href":"https:\/\/luxepack.es\/fr\/wp-json\/wp\/v2\/comments?post=1114"}],"version-history":[{"count":2,"href":"https:\/\/luxepack.es\/fr\/wp-json\/wp\/v2\/pages\/1114\/revisions"}],"predecessor-version":[{"id":2721,"href":"https:\/\/luxepack.es\/fr\/wp-json\/wp\/v2\/pages\/1114\/revisions\/2721"}],"wp:attachment":[{"href":"https:\/\/luxepack.es\/fr\/wp-json\/wp\/v2\/media?parent=1114"}],"curies":[{"name":"wp","href":"https:\/\/api.w.org\/{rel}","templated":true}]}}