{"id":3,"date":"2019-04-30T09:28:45","date_gmt":"2019-04-30T09:28:45","guid":{"rendered":"http:\/\/luxepack.es\/?page_id=3"},"modified":"2019-06-19T13:29:40","modified_gmt":"2019-06-19T13:29:40","slug":"privacy-policy","status":"publish","type":"page","link":"https:\/\/luxepack.es\/fr\/privacy-policy\/","title":{"rendered":"Politique de confidentialit\u00e9"},"content":{"rendered":"<div data-elementor-type=\"wp-post\" data-elementor-id=\"3\" class=\"elementor elementor-3\" data-elementor-settings=\"[]\">\n\t\t\t\t\t\t<div class=\"elementor-inner\">\n\t\t\t\t\t\t\t<div class=\"elementor-section-wrap\">\n\t\t\t\t\t\t\t<section class=\"elementor-section elementor-top-section elementor-element elementor-element-1176cd4 elementor-section-boxed elementor-section-height-default elementor-section-height-default\" data-id=\"1176cd4\" data-element_type=\"section\">\n\t\t\t\t\t\t<div class=\"elementor-container elementor-column-gap-default\">\n\t\t\t\t\t\t\t<div class=\"elementor-row\">\n\t\t\t\t\t<div class=\"elementor-column elementor-col-100 elementor-top-column elementor-element elementor-element-0aadb00\" data-id=\"0aadb00\" data-element_type=\"column\">\n\t\t\t<div class=\"elementor-column-wrap elementor-element-populated\">\n\t\t\t\t\t\t\t<div class=\"elementor-widget-wrap\">\n\t\t\t\t\t\t<div class=\"elementor-element elementor-element-abc6ad6 elementor-widget elementor-widget-heading\" data-id=\"abc6ad6\" data-element_type=\"widget\" data-widget_type=\"heading.default\">\n\t\t\t\t<div class=\"elementor-widget-container\">\n\t\t\t<h2 class=\"elementor-heading-title elementor-size-default\">POL\u00cdTICA DE PRIVACIDAD<\/h2>\t\t<\/div>\n\t\t\t\t<\/div>\n\t\t\t\t<div class=\"elementor-element elementor-element-c34000c elementor-widget-divider--view-line elementor-widget elementor-widget-divider\" data-id=\"c34000c\" data-element_type=\"widget\" data-widget_type=\"divider.default\">\n\t\t\t\t<div class=\"elementor-widget-container\">\n\t\t\t\t\t<div class=\"elementor-divider\">\n\t\t\t<span class=\"elementor-divider-separator\">\n\t\t\t\t\t\t<\/span>\n\t\t<\/div>\n\t\t\t\t<\/div>\n\t\t\t\t<\/div>\n\t\t\t\t\t\t<\/div>\n\t\t\t\t\t<\/div>\n\t\t<\/div>\n\t\t\t\t\t\t\t\t<\/div>\n\t\t\t\t\t<\/div>\n\t\t<\/section>\n\t\t\t\t<section class=\"elementor-section elementor-top-section elementor-element elementor-element-1ee993c8 elementor-section-boxed elementor-section-height-default elementor-section-height-default\" data-id=\"1ee993c8\" data-element_type=\"section\">\n\t\t\t\t\t\t<div class=\"elementor-container elementor-column-gap-default\">\n\t\t\t\t\t\t\t<div class=\"elementor-row\">\n\t\t\t\t\t<div class=\"elementor-column elementor-col-100 elementor-top-column elementor-element elementor-element-2e50da37\" data-id=\"2e50da37\" data-element_type=\"column\">\n\t\t\t<div class=\"elementor-column-wrap elementor-element-populated\">\n\t\t\t\t\t\t\t<div class=\"elementor-widget-wrap\">\n\t\t\t\t\t\t<div class=\"elementor-element elementor-element-72e7de47 elementor-widget elementor-widget-text-editor\" data-id=\"72e7de47\" data-element_type=\"widget\" data-widget_type=\"text-editor.default\">\n\t\t\t\t<div class=\"elementor-widget-container\">\n\t\t\t\t\t<div class=\"elementor-text-editor elementor-clearfix\"><p><!-- wp:heading --><\/p>\n<div>\n<h6>GENERAL<\/h6>\n<p><\/p><main role=\"main\"><p><\/p>\n<article>\n<p>A los efectos de lo previsto en el Reglamento Europeo de Proteccio\u0301n de Datos UE 2016\/679, de 27 de Abril, del Parlamento y el Consejo y resto de la normativa nacional vigente, LUXE PACKAGING IB\u00c9RICA, S.L., le informa que cumple i\u0301ntegramente con la legislacio\u0301n vigente en materia de proteccio\u0301n de datos de cara\u0301cter personal, y con los compromisos de confidencialidad propios de su actividad.<\/p>\n<p>LUXE PACKAGING&nbsp;<span style=\"letter-spacing: 0px;\">IB\u00c9RICA<\/span><span style=\"letter-spacing: 0px;\">, S.L. pone en su conocimiento la existencia de un sistema de tratamiento de la informacio\u0301n, titularidad de LUXE PACKAGING&nbsp;<\/span><span style=\"letter-spacing: 0px;\">IB\u00c9RICA<\/span><span style=\"letter-spacing: 0px;\">, S.L., para las finalidades propias de gestio\u0301n, comunicacio\u0301n e informacio\u0301n. El citado sistema se encuentra descrito en el correspondiente Registro de Actividades de Tratamiento, al que puede acceder el usuario para comprobar la situacio\u0301n de sus datos.<\/span><\/p>\n<h6>MEDIDAS Y NIVELES DE SEGURIDAD:<\/h6>\n<p>LUXE PACKAGING<span style=\"letter-spacing: 0px;\">&nbsp;<\/span><span style=\"letter-spacing: 0px;\">IB\u00c9RICA<\/span><span style=\"letter-spacing: 0px;\">, S.L. ha adoptado las medidas necesarias para garantizar la seguridad de la informacio\u0301n, tal y como exige el art. 32 del RGPD, segu\u0301n la naturaleza de los datos personales tratados y las circunstancias del tratamiento, con el objeto de evitar, en la medida de lo posible y siempre segu\u0301n el estado de la te\u0301cnica, su alteracio\u0301n, pe\u0301rdida, tratamiento o acceso no autorizado, garantizando con ello la confidencialidad, integridad y disponibilidad de los mismos.<\/span><\/p>\n<h6>\u00c1MBITO DE APLICACI\u00d3N:<\/h6>\n<p>Las medidas de seguridad que el LUXE PACKAGING<span style=\"letter-spacing: 0px;\">&nbsp;<\/span><span style=\"letter-spacing: 0px;\">IB\u00c9RICA<\/span><span style=\"letter-spacing: 0px;\">, S.L. tenga descritas en el Registro de Actividades de Tratamiento sera\u0301n aplicadas al conjunto de activos del sistema de tratamiento de la informacio\u0301n en el que se traten los datos de cara\u0301cter personal, con el objeto de dar cumplimiento a la legislacio\u0301n vigente en materia de proteccio\u0301n de datos.<\/span><\/p>\n<p>Todo el personal contratado por LUXE PACKAGING<span style=\"letter-spacing: 0px;\">&nbsp;<\/span><span style=\"letter-spacing: 0px;\">IB\u00c9RICA<\/span><span style=\"letter-spacing: 0px;\">, S.L. y sus Encargados de Tratamiento, esta\u0301n obligados al cumplimiento de la citada normativa, con especial atencio\u0301n en lo relativo a sus funciones y obligaciones, incluido el deber de secreto que sera\u0301n debidamente determinadas por LUXE PACKAGING<\/span><span style=\"letter-spacing: 0px;\">&nbsp;<\/span><span style=\"letter-spacing: 0px;\">IB\u00c9RICA<\/span><span style=\"letter-spacing: 0px;\">, S.L.<\/span><\/p>\n<h6>RECOGIDA DE DATOS:<\/h6>\n<p>La aceptacio\u0301n de las presentes condiciones, precisa del usuario la recogida de unos datos imprescindibles para la prestacio\u0301n de sus servicios, que le sera\u0301n solicitados personalmente a trave\u0301s de formularios o de la pa\u0301gina Web. En el momento de la recogida de los datos, el usuario sera\u0301 debidamente informado de los derechos que le asisten.<\/p>\n<p>Para que la informacio\u0301n que contiene nuestro sistema de tratamiento este\u0301 siempre actualizada y no contenga errores, pedimos a nuestros clientes y usuarios que nos comuniquen, a la mayor brevedad posible, las modificaciones y rectificaciones de sus datos de cara\u0301cter personal.<\/p>\n<h6>OBJETO: EJERCICIO DE DERECHOS:<\/h6>\n<p>Para ejercitar los Derechos de acceso, oposicio\u0301n, rectificacio\u0301n, cancelacio\u0301n o supresio\u0301n, revocacio\u0301n del consentimiento, limitacio\u0301n del tratamiento de los datos y portabilidad, debera\u0301n dirigirse a LUXE PACKAGING<span style=\"letter-spacing: 0px;\">&nbsp;<\/span><span style=\"letter-spacing: 0px;\">IB\u00c9RICA<\/span><span style=\"letter-spacing: 0px;\">, S.L., Avda. San Pablo, 28, Edificio 2, Planta 1\u00aa, de Coslada (Madrid), C.P. 28823, Espan\u0303a. No obstante podra\u0301n utilizarse otros medios que permitan reconocer la identidad del cliente que ejercite cualquiera de los anteriores derechos.<\/span><\/p>\n<h6>CONSENTIMIENTO:<\/h6>\n<p>El usuario prestara\u0301 su consentimiento para que LUXE PACKAGING<span style=\"letter-spacing: 0px;\">&nbsp;<\/span><span style=\"letter-spacing: 0px;\">IB\u00c9RICA<\/span><span style=\"letter-spacing: 0px;\">, S.L. pueda hacer uso de sus datos personales a fin de prestar un correcto cumplimiento de los servicios contratados.<\/span><\/p>\n<p>La cumplimentacio\u0301n del formulario incluido en el sitio o el envi\u0301o de correos electro\u0301nicos u otras comunicaciones a LUXE PACKAGING<span style=\"letter-spacing: 0px;\">&nbsp;<\/span><span style=\"letter-spacing: 0px;\">IB\u00c9RICA<\/span><span style=\"letter-spacing: 0px;\">, S.L., implica el consentimiento expreso del usuario a la inclusio\u0301n de sus datos de cara\u0301cter personal en el referido sistema de tratamiento, titularidad de LUXE PACKAGING<\/span><span style=\"letter-spacing: 0px;\">&nbsp;<\/span><span style=\"letter-spacing: 0px;\">IB\u00c9RICA<\/span><span style=\"letter-spacing: 0px;\">, S.L.<\/span><\/p>\n<p>Al tiempo de la peticio\u0301n de esta informacio\u0301n, se comunicara\u0301 al cliente o usuario del destinatario de la informacio\u0301n, de la finalidad para la cual se recogen los datos, de la identidad y direccio\u0301n de LUXE PACKAGING IB\u00c9RICA, S.L. y de la facultad del usuario de ejercitar los derechos de acceso, oposicio\u0301n, rectificacio\u0301n, cancelacio\u0301n o supresio\u0301n, revocacio\u0301n del consentimiento, limitacio\u0301n del tratamiento de los datos y portabilidad, y a presentar reclamacio\u0301n ante la AEPD.<\/p>\n<h6>CESI\u00d3N A TERCEROS:<\/h6>\n<p>LUXE PACKAGING<span style=\"letter-spacing: 0px;\">&nbsp;<\/span><span style=\"letter-spacing: 0px;\">IB\u00c9RICA<\/span><span style=\"letter-spacing: 0px;\">, S.L. no cede datos de car\u00e1cter personal sin el consentimiento expreso de sus titulares, que deber\u00e1 ser concedido en cada ocasi\u00f3n, siendo s\u00f3lo cedidos con la finalidad expresada y siempre con el consentimiento del usuario o cliente.<\/span><\/p>\n<h6>CONFIDENCIALIDAD Y SECRETO PROFESIONAL:<\/h6>\n<p>Los datos recogidos en todas las comunicaciones privadas entre LUXE PACKAGING<span style=\"letter-spacing: 0px;\">&nbsp;<\/span><span style=\"letter-spacing: 0px;\">IB\u00c9RICA<\/span><span style=\"letter-spacing: 0px;\">, S.L. y los clientes o usuarios sera\u0301n tratados con absoluta confidencialidad, comprometie\u0301ndose LUXE PACKAGING<\/span><span style=\"letter-spacing: 0px;\">&nbsp;<\/span><span style=\"letter-spacing: 0px;\">IB\u00c9RICA<\/span><span style=\"letter-spacing: 0px;\">, S.L. a la obligacio\u0301n de secreto de los datos de cara\u0301cter personal, a su deber de guardarlos y adoptar todas las medidas necesarias que eviten su alteracio\u0301n, pe\u0301rdida y tratamiento o acceso no autorizado, de acuerdo con lo establecido en la normativa vigente.<\/span><\/p>\n<p>Adema\u0301s, tambie\u0301n tendra\u0301 la condicio\u0301n de confidencial la informacio\u0301n de cualquier tipo que las partes intercambien entre si\u0301, aquella que estas acuerden que tiene tal naturaleza, o la que simplemente verse sobre el contenido de dicha informacio\u0301n. La visualizacio\u0301n de datos a trave\u0301s de Internet, no supondra\u0301 el acceso directo a los mismos, salvo consentimiento expreso de su titular para cada ocasio\u0301n.<\/p>\n<p>Recomendamos al cliente que no facilite a tercero alguno su identificacio\u0301n, contrasen\u0303a o nu\u0301meros de referencia que LUXE PACKAGING IB\u00c9RICA, S.L. pudiera proporcionarle. Asimismo, para garantizar que la proteccio\u0301n del secreto profesional entre LUXE PACKAGING<span style=\"letter-spacing: 0px;\">&nbsp;<\/span><span style=\"letter-spacing: 0px;\">IB\u00c9RICA<\/span><span style=\"letter-spacing: 0px;\">, S.L. y el cliente se preserve en todas las comunicaciones, el cliente\/usuario no debe revelar la informacio\u0301n confidencial a terceros.<\/span><\/p>\n<h6>CAMBIOS EN LA POL\u00cdTICA DE SEGURIDAD Y DE PROTECCI\u00d3N DE DATOS:<\/h6>\n<p>LUXE PACKAGING, S.L. se reserva el derecho de modificar su poli\u0301tica de seguridad y proteccio\u0301n de datos con el objeto de adaptarlo a las novedades legislativas o jurisprudenciales, asi\u0301 como las que pudieran derivarse de co\u0301digos tipo existentes en la materia, o por decisiones corporativas estrate\u0301gicas, con efectos de la fecha de publicacio\u0301n de dicha modificacio\u0301n en la pa\u0301gina Web de LUXE PACKAGING<span style=\"letter-spacing: 0px;\">&nbsp;<\/span><span style=\"letter-spacing: 0px;\">IB\u00c9RICA<\/span><span style=\"letter-spacing: 0px;\">, S.L.<\/span><\/p>\n<h6>DIRECCI\u00d3N DE CONTACTO:<\/h6>\n<p>El sistema de tratamiento de la informacio\u0301n creado, esta\u0301 ubicado en el domicilio social, el cual queda establecido a los efectos del presente Aviso Legal, en LUXE PACKAGING<span style=\"letter-spacing: 0px;\">&nbsp;<\/span><span style=\"letter-spacing: 0px;\">IB\u00c9RICA<\/span><span style=\"letter-spacing: 0px;\">, S.L., Avda. San Pablo, 28, Edificio 2, 1\u00aa Planta de Coslada (Madrid), C.P. 28823, Espan\u0303a; bajo la supervisio\u0301n y control de LUXE PACKAGING IB\u00c9RICA, S.L., quien asume la responsabilidad en la adopcio\u0301n de medidas de seguridad de i\u0301ndole te\u0301cnica y organizativa para proteger la confidencialidad e integridad de la informacio\u0301n, de acuerdo con lo establecido en el Reglamento Europeo de Proteccio\u0301n de Datos UE 2016\/679 de 27 de abril del Parlamento y el Consejo y resto de la normativa nacional vigente, y dema\u0301s legislacio\u0301n aplicable.<\/span><\/p>\n<p>LUXE PACKAGING IBERICA, S.L. a tenor de la Ley 34\/2002, de Servicios de la Sociedad de la Informacio\u0301n y del Comercio Electro\u0301nico, les comunica que la acepcio\u0301n amplia de dicha Ley, engloba entre estos servicios el suministro de informacio\u0301n por dicho medio. En todo caso, sera\u0301 de aplicacio\u0301n a este respecto, el Reglamento Europeo de Proteccio\u0301n de Datos UE 2016\/679 de 27 de abril del Parlamento y el Consejo y resto de la normativa nacional vigente, y su normativa de desarrollo, en especial, en lo que se refiere a la obtencio\u0301n de datos personales, la informacio\u0301n a los interesados y la creacio\u0301n y mantenimiento de ficheros de datos personales.<\/p>\n<\/article>\n<p><\/p><\/main><\/div>\n<p><!-- \/wp:heading --><\/p><\/div>\n\t\t\t\t<\/div>\n\t\t\t\t<\/div>\n\t\t\t\t\t\t<\/div>\n\t\t\t\t\t<\/div>\n\t\t<\/div>\n\t\t\t\t\t\t\t\t<\/div>\n\t\t\t\t\t<\/div>\n\t\t<\/section>\n\t\t\t\t\t\t<\/div>\n\t\t\t\t\t\t<\/div>\n\t\t\t\t\t<\/div>","protected":false},"excerpt":{"rendered":"<p>POL\u00cdTICA DE PRIVACIDAD GENERAL A los efectos de lo previsto en el Reglamento Europeo de Proteccio\u0301n de Datos UE 2016\/679, de 27 de Abril, del Parlamento y el Consejo y resto de la normativa nacional vigente, LUXE PACKAGING IB\u00c9RICA, S.L., le informa que cumple i\u0301ntegramente con la legislacio\u0301n vigente en materia de proteccio\u0301n de datos [&hellip;]<\/p>","protected":false},"author":1,"featured_media":0,"parent":0,"menu_order":0,"comment_status":"closed","ping_status":"closed","template":"page-templates\/fullwidth-content.php","meta":[],"yoast_head":"<!-- This site is optimized with the Yoast SEO plugin v15.9 - https:\/\/yoast.com\/wordpress\/plugins\/seo\/ -->\n<title>Pol\u00edtica de Privacidad - Luxepack<\/title>\n<meta name=\"robots\" content=\"index, follow, max-snippet:-1, max-image-preview:large, max-video-preview:-1\" \/>\n<link rel=\"canonical\" href=\"https:\/\/luxepack.es\/fr\/privacy-policy\/\" \/>\n<meta property=\"og:locale\" content=\"fr_FR\" \/>\n<meta property=\"og:type\" content=\"article\" \/>\n<meta property=\"og:title\" content=\"Pol\u00edtica de Privacidad - Luxepack\" \/>\n<meta property=\"og:description\" content=\"POL\u00cdTICA DE PRIVACIDAD GENERAL A los efectos de lo previsto en el Reglamento Europeo de Proteccio\u0301n de Datos UE 2016\/679, de 27 de Abril, del Parlamento y el Consejo y resto de la normativa nacional vigente, LUXE PACKAGING IB\u00c9RICA, S.L., le informa que cumple i\u0301ntegramente con la legislacio\u0301n vigente en materia de proteccio\u0301n de datos [&hellip;]\" \/>\n<meta property=\"og:url\" content=\"https:\/\/luxepack.es\/fr\/privacy-policy\/\" \/>\n<meta property=\"og:site_name\" content=\"Luxepack\" \/>\n<meta property=\"article:publisher\" content=\"https:\/\/www.facebook.com\/luxepack\/\" \/>\n<meta property=\"article:modified_time\" content=\"2019-06-19T13:29:40+00:00\" \/>\n<meta name=\"twitter:card\" content=\"summary_large_image\" \/>\n<meta name=\"twitter:label1\" content=\"Dur\u00e9e de lecture est.\">\n\t<meta name=\"twitter:data1\" content=\"7 minutes\">\n<script type=\"application\/ld+json\" class=\"yoast-schema-graph\">{\"@context\":\"https:\/\/schema.org\",\"@graph\":[{\"@type\":\"Organization\",\"@id\":\"https:\/\/luxepack.es\/#organization\",\"name\":\"LUXE PACKAGING IBERICA\",\"url\":\"https:\/\/luxepack.es\/\",\"sameAs\":[\"https:\/\/www.facebook.com\/luxepack\/\",\"https:\/\/www.instagram.com\/luxepackagingiberica\/\"],\"logo\":{\"@type\":\"ImageObject\",\"@id\":\"https:\/\/luxepack.es\/#logo\",\"inLanguage\":\"fr-FR\",\"url\":\"https:\/\/luxepack.es\/wp-content\/uploads\/2019\/06\/Logo-LuxePack.jpg\",\"width\":175,\"height\":96,\"caption\":\"LUXE PACKAGING IBERICA\"},\"image\":{\"@id\":\"https:\/\/luxepack.es\/#logo\"}},{\"@type\":\"WebSite\",\"@id\":\"https:\/\/luxepack.es\/#website\",\"url\":\"https:\/\/luxepack.es\/\",\"name\":\"Luxepack\",\"description\":\"Luxe Packaging Ib\\u00e9rica\",\"publisher\":{\"@id\":\"https:\/\/luxepack.es\/#organization\"},\"potentialAction\":[{\"@type\":\"SearchAction\",\"target\":\"https:\/\/luxepack.es\/?s={search_term_string}\",\"query-input\":\"required name=search_term_string\"}],\"inLanguage\":\"fr-FR\"},{\"@type\":\"WebPage\",\"@id\":\"https:\/\/luxepack.es\/privacy-policy\/#webpage\",\"url\":\"https:\/\/luxepack.es\/privacy-policy\/\",\"name\":\"Pol\\u00edtica de Privacidad - Luxepack\",\"isPartOf\":{\"@id\":\"https:\/\/luxepack.es\/#website\"},\"datePublished\":\"2019-04-30T09:28:45+00:00\",\"dateModified\":\"2019-06-19T13:29:40+00:00\",\"breadcrumb\":{\"@id\":\"https:\/\/luxepack.es\/privacy-policy\/#breadcrumb\"},\"inLanguage\":\"fr-FR\",\"potentialAction\":[{\"@type\":\"ReadAction\",\"target\":[\"https:\/\/luxepack.es\/privacy-policy\/\"]}]},{\"@type\":\"BreadcrumbList\",\"@id\":\"https:\/\/luxepack.es\/privacy-policy\/#breadcrumb\",\"itemListElement\":[{\"@type\":\"ListItem\",\"position\":1,\"item\":{\"@type\":\"WebPage\",\"@id\":\"https:\/\/luxepack.es\/\",\"url\":\"https:\/\/luxepack.es\/\",\"name\":\"Portada\"}},{\"@type\":\"ListItem\",\"position\":2,\"item\":{\"@type\":\"WebPage\",\"@id\":\"https:\/\/luxepack.es\/privacy-policy\/\",\"url\":\"https:\/\/luxepack.es\/privacy-policy\/\",\"name\":\"Pol\\u00edtica de Privacidad\"}}]}]}<\/script>\n<!-- \/ Yoast SEO plugin. -->","_links":{"self":[{"href":"https:\/\/luxepack.es\/fr\/wp-json\/wp\/v2\/pages\/3"}],"collection":[{"href":"https:\/\/luxepack.es\/fr\/wp-json\/wp\/v2\/pages"}],"about":[{"href":"https:\/\/luxepack.es\/fr\/wp-json\/wp\/v2\/types\/page"}],"author":[{"embeddable":true,"href":"https:\/\/luxepack.es\/fr\/wp-json\/wp\/v2\/users\/1"}],"replies":[{"embeddable":true,"href":"https:\/\/luxepack.es\/fr\/wp-json\/wp\/v2\/comments?post=3"}],"version-history":[{"count":0,"href":"https:\/\/luxepack.es\/fr\/wp-json\/wp\/v2\/pages\/3\/revisions"}],"wp:attachment":[{"href":"https:\/\/luxepack.es\/fr\/wp-json\/wp\/v2\/media?parent=3"}],"curies":[{"name":"wp","href":"https:\/\/api.w.org\/{rel}","templated":true}]}}